{"id":1010,"date":"2024-11-27T16:49:56","date_gmt":"2024-11-27T14:49:56","guid":{"rendered":"https:\/\/feuerwehr.edvexperten.de\/?page_id=1010"},"modified":"2024-11-27T16:53:24","modified_gmt":"2024-11-27T14:53:24","slug":"gliederung-sgl","status":"publish","type":"page","link":"https:\/\/feuerwehr.edvexperten.de\/index.php\/ueber-uns\/gliederung-sgl\/","title":{"rendered":"Gliederung SG Leinebergland"},"content":{"rendered":"\t\t<div data-elementor-type=\"wp-page\" data-elementor-id=\"1010\" class=\"elementor elementor-1010\" data-elementor-post-type=\"page\">\n\t\t\t\t<div class=\"elementor-element elementor-element-6f1ab88d e-flex e-con-boxed e-con e-parent\" data-id=\"6f1ab88d\" data-element_type=\"container\">\n\t\t\t\t\t<div class=\"e-con-inner\">\n\t\t\t\t<div class=\"elementor-element elementor-element-53a94308 elementor-widget elementor-widget-heading\" data-id=\"53a94308\" data-element_type=\"widget\" data-widget_type=\"heading.default\">\n\t\t\t\t<div class=\"elementor-widget-container\">\n\t\t\t<h2 class=\"elementor-heading-title elementor-size-default\"><a href=\"https:\/\/feuerwehr.edvexperten.de\/index.php\/ueber-uns\/\">\u00dcber uns<\/a><\/h2>\t\t<\/div>\n\t\t\t\t<\/div>\n\t\t\t\t\t<\/div>\n\t\t\t\t<\/div>\n\t\t<div class=\"elementor-element elementor-element-39cdd1fe e-flex e-con-boxed e-con e-parent\" data-id=\"39cdd1fe\" data-element_type=\"container\">\n\t\t\t\t\t<div class=\"e-con-inner\">\n\t\t\t\t<div class=\"elementor-element elementor-element-6f53c82c elementor-nav-menu--dropdown-tablet elementor-nav-menu__text-align-aside elementor-nav-menu--toggle elementor-nav-menu--burger elementor-widget elementor-widget-nav-menu\" data-id=\"6f53c82c\" data-element_type=\"widget\" data-settings=\"{&quot;layout&quot;:&quot;horizontal&quot;,&quot;submenu_icon&quot;:{&quot;value&quot;:&quot;&lt;svg class=\\&quot;e-font-icon-svg e-fas-caret-down\\&quot; viewBox=\\&quot;0 0 320 512\\&quot; xmlns=\\&quot;http:\\\/\\\/www.w3.org\\\/2000\\\/svg\\&quot;&gt;&lt;path d=\\&quot;M31.3 192h257.3c17.8 0 26.7 21.5 14.1 34.1L174.1 354.8c-7.8 7.8-20.5 7.8-28.3 0L17.2 226.1C4.6 213.5 13.5 192 31.3 192z\\&quot;&gt;&lt;\\\/path&gt;&lt;\\\/svg&gt;&quot;,&quot;library&quot;:&quot;fa-solid&quot;},&quot;toggle&quot;:&quot;burger&quot;}\" data-widget_type=\"nav-menu.default\">\n\t\t\t\t<div class=\"elementor-widget-container\">\n\t\t\t\t\t\t<nav aria-label=\"Men\u00fc\" class=\"elementor-nav-menu--main elementor-nav-menu__container elementor-nav-menu--layout-horizontal e--pointer-background e--animation-fade\">\n\t\t\t\t<ul id=\"menu-1-6f53c82c\" class=\"elementor-nav-menu\"><li class=\"menu-item menu-item-type-post_type menu-item-object-page menu-item-714\"><a href=\"https:\/\/feuerwehr.edvexperten.de\/index.php\/ueber-uns\/\" class=\"elementor-item\">\u00dcber uns<\/a><\/li>\n<li class=\"menu-item menu-item-type-post_type menu-item-object-page menu-item-149\"><a href=\"https:\/\/feuerwehr.edvexperten.de\/index.php\/ueber-uns\/einsatzabteilung\/\" class=\"elementor-item\">Einsatzabteilung<\/a><\/li>\n<li class=\"menu-item menu-item-type-post_type menu-item-object-page menu-item-1020\"><a href=\"https:\/\/feuerwehr.edvexperten.de\/index.php\/ueber-uns\/gliederung-sgl\/\" class=\"elementor-item\">Gliederung SG Leinebergland<\/a><\/li>\n<li class=\"menu-item menu-item-type-post_type menu-item-object-page menu-item-268\"><a href=\"https:\/\/feuerwehr.edvexperten.de\/index.php\/ueber-uns\/alterabteilung\/\" class=\"elementor-item\">Alterabteilung<\/a><\/li>\n<li class=\"menu-item menu-item-type-post_type menu-item-object-page menu-item-294\"><a href=\"https:\/\/feuerwehr.edvexperten.de\/index.php\/ueber-uns\/aktive-mitgliedschaft\/\" class=\"elementor-item\">Aktive Mitgliedschaft<\/a><\/li>\n<\/ul>\t\t\t<\/nav>\n\t\t\t\t\t<div class=\"elementor-menu-toggle\" role=\"button\" tabindex=\"0\" aria-label=\"Men\u00fc Umschalter\" aria-expanded=\"false\">\n\t\t\t<svg aria-hidden=\"true\" role=\"presentation\" class=\"elementor-menu-toggle__icon--open e-font-icon-svg e-eicon-menu-bar\" viewBox=\"0 0 1000 1000\" xmlns=\"http:\/\/www.w3.org\/2000\/svg\"><path d=\"M104 333H896C929 333 958 304 958 271S929 208 896 208H104C71 208 42 237 42 271S71 333 104 333ZM104 583H896C929 583 958 554 958 521S929 458 896 458H104C71 458 42 487 42 521S71 583 104 583ZM104 833H896C929 833 958 804 958 771S929 708 896 708H104C71 708 42 737 42 771S71 833 104 833Z\"><\/path><\/svg><svg aria-hidden=\"true\" role=\"presentation\" class=\"elementor-menu-toggle__icon--close e-font-icon-svg e-eicon-close\" viewBox=\"0 0 1000 1000\" xmlns=\"http:\/\/www.w3.org\/2000\/svg\"><path d=\"M742 167L500 408 258 167C246 154 233 150 217 150 196 150 179 158 167 167 154 179 150 196 150 212 150 229 154 242 171 254L408 500 167 742C138 771 138 800 167 829 196 858 225 858 254 829L496 587 738 829C750 842 767 846 783 846 800 846 817 842 829 829 842 817 846 804 846 783 846 767 842 750 829 737L588 500 833 258C863 229 863 200 833 171 804 137 775 137 742 167Z\"><\/path><\/svg>\t\t\t<span class=\"elementor-screen-only\">Men\u00fc<\/span>\n\t\t<\/div>\n\t\t\t\t\t<nav class=\"elementor-nav-menu--dropdown elementor-nav-menu__container\" aria-hidden=\"true\">\n\t\t\t\t<ul id=\"menu-2-6f53c82c\" class=\"elementor-nav-menu\"><li class=\"menu-item menu-item-type-post_type menu-item-object-page menu-item-714\"><a href=\"https:\/\/feuerwehr.edvexperten.de\/index.php\/ueber-uns\/\" class=\"elementor-item\" tabindex=\"-1\">\u00dcber uns<\/a><\/li>\n<li class=\"menu-item menu-item-type-post_type menu-item-object-page menu-item-149\"><a href=\"https:\/\/feuerwehr.edvexperten.de\/index.php\/ueber-uns\/einsatzabteilung\/\" class=\"elementor-item\" tabindex=\"-1\">Einsatzabteilung<\/a><\/li>\n<li class=\"menu-item menu-item-type-post_type menu-item-object-page menu-item-1020\"><a href=\"https:\/\/feuerwehr.edvexperten.de\/index.php\/ueber-uns\/gliederung-sgl\/\" class=\"elementor-item\" tabindex=\"-1\">Gliederung SG Leinebergland<\/a><\/li>\n<li class=\"menu-item menu-item-type-post_type menu-item-object-page menu-item-268\"><a href=\"https:\/\/feuerwehr.edvexperten.de\/index.php\/ueber-uns\/alterabteilung\/\" class=\"elementor-item\" tabindex=\"-1\">Alterabteilung<\/a><\/li>\n<li class=\"menu-item menu-item-type-post_type menu-item-object-page menu-item-294\"><a href=\"https:\/\/feuerwehr.edvexperten.de\/index.php\/ueber-uns\/aktive-mitgliedschaft\/\" class=\"elementor-item\" tabindex=\"-1\">Aktive Mitgliedschaft<\/a><\/li>\n<\/ul>\t\t\t<\/nav>\n\t\t\t\t<\/div>\n\t\t\t\t<\/div>\n\t\t\t\t\t<\/div>\n\t\t\t\t<\/div>\n\t\t<div class=\"elementor-element elementor-element-34109f1e e-flex e-con-boxed e-con e-parent\" data-id=\"34109f1e\" data-element_type=\"container\">\n\t\t\t\t\t<div class=\"e-con-inner\">\n\t\t\t\t<div class=\"elementor-element elementor-element-20d17ffa elementor-widget-divider--view-line elementor-widget elementor-widget-divider\" data-id=\"20d17ffa\" data-element_type=\"widget\" data-widget_type=\"divider.default\">\n\t\t\t\t<div class=\"elementor-widget-container\">\n\t\t\t\t\t<div class=\"elementor-divider\">\n\t\t\t<span class=\"elementor-divider-separator\">\n\t\t\t\t\t\t<\/span>\n\t\t<\/div>\n\t\t\t\t<\/div>\n\t\t\t\t<\/div>\n\t\t\t\t\t<\/div>\n\t\t\t\t<\/div>\n\t\t<div class=\"elementor-element elementor-element-3ed83581 e-flex e-con-boxed e-con e-parent\" data-id=\"3ed83581\" data-element_type=\"container\">\n\t\t\t\t\t<div class=\"e-con-inner\">\n\t\t\t\t<div class=\"elementor-element elementor-element-1949dafc elementor-widget elementor-widget-heading\" data-id=\"1949dafc\" data-element_type=\"widget\" data-widget_type=\"heading.default\">\n\t\t\t\t<div class=\"elementor-widget-container\">\n\t\t\t<h3 class=\"elementor-heading-title elementor-size-default\">Gliederung der Feuerwehr\nin der Samtgemeinde Leinebergland<\/h3>\t\t<\/div>\n\t\t\t\t<\/div>\n\t\t\t\t\t<\/div>\n\t\t\t\t<\/div>\n\t\t<div class=\"elementor-element elementor-element-d512daf e-flex e-con-boxed e-con e-parent\" data-id=\"d512daf\" data-element_type=\"container\">\n\t\t\t\t\t<div class=\"e-con-inner\">\n\t\t<div class=\"elementor-element elementor-element-1924410f e-con-full e-flex e-con e-child\" data-id=\"1924410f\" data-element_type=\"container\">\n\t\t\t\t<div class=\"elementor-element elementor-element-2d89657c elementor-widget elementor-widget-image\" data-id=\"2d89657c\" data-element_type=\"widget\" data-widget_type=\"image.default\">\n\t\t\t\t<div class=\"elementor-widget-container\">\n\t\t\t\t\t\t\t\t\t\t\t\t\t<img fetchpriority=\"high\" decoding=\"async\" width=\"321\" height=\"760\" src=\"https:\/\/feuerwehr.edvexperten.de\/wp-content\/uploads\/2024\/11\/Gliederung-SG.jpg\" class=\"attachment-large size-large wp-image-1013\" alt=\"\" srcset=\"https:\/\/feuerwehr.edvexperten.de\/wp-content\/uploads\/2024\/11\/Gliederung-SG.jpg 321w, https:\/\/feuerwehr.edvexperten.de\/wp-content\/uploads\/2024\/11\/Gliederung-SG-127x300.jpg 127w\" sizes=\"(max-width: 321px) 100vw, 321px\" \/>\t\t\t\t\t\t\t\t\t\t\t\t\t<\/div>\n\t\t\t\t<\/div>\n\t\t\t\t<div class=\"elementor-element elementor-element-bb491fc elementor-widget elementor-widget-image\" data-id=\"bb491fc\" data-element_type=\"widget\" data-widget_type=\"image.default\">\n\t\t\t\t<div class=\"elementor-widget-container\">\n\t\t\t\t\t\t\t\t\t\t\t\t\t<img decoding=\"async\" width=\"321\" height=\"125\" src=\"https:\/\/feuerwehr.edvexperten.de\/wp-content\/uploads\/2024\/11\/Fahrzeuge-6-Zug.jpg\" class=\"attachment-large size-large wp-image-1012\" alt=\"\" srcset=\"https:\/\/feuerwehr.edvexperten.de\/wp-content\/uploads\/2024\/11\/Fahrzeuge-6-Zug.jpg 321w, https:\/\/feuerwehr.edvexperten.de\/wp-content\/uploads\/2024\/11\/Fahrzeuge-6-Zug-300x117.jpg 300w\" sizes=\"(max-width: 321px) 100vw, 321px\" \/>\t\t\t\t\t\t\t\t\t\t\t\t\t<\/div>\n\t\t\t\t<\/div>\n\t\t\t\t<\/div>\n\t\t<div class=\"elementor-element elementor-element-1c3c5d69 e-con-full e-flex e-con e-child\" data-id=\"1c3c5d69\" data-element_type=\"container\">\n\t\t\t\t<div class=\"elementor-element elementor-element-112b6fb1 elementor-widget elementor-widget-text-editor\" data-id=\"112b6fb1\" data-element_type=\"widget\" data-widget_type=\"text-editor.default\">\n\t\t\t\t<div class=\"elementor-widget-container\">\n\t\t\t\t\t\t\t<p>Die Feuerwehr Leinebergland entstand durch die Fusion der Samtgemeinden Duingen und Gronau.<\/p>\n<p>Sie besteht aus 17 Wehren:<\/p>\n<ul>\n<li><strong>Schwerpunktwehr:<\/strong><\/li>\n<li><a title=\"https:\/\/www.ffgronau-leine.de\/\" href=\"https:\/\/www.ffgronau-leine.de\/\" target=\"_blank\" rel=\"noopener\">Gronau<\/a><\/li>\n<\/ul>\n<ul>\n<li><strong>St\u00fctzpunktwehr:<\/strong><\/li>\n<li>Eime<\/li>\n<li>Banteln<\/li>\n<li>Marienhagen<\/li>\n<li>Duingen<\/li>\n<\/ul>\n<ul>\n<li><strong>Feuerwehr mit Grundausstattung:<\/strong><\/li>\n<li>Betheln (zusamen mit H.- Escherde)<\/li>\n<li>Despetal (Zusammenschluss aus Barfelde, Eitzum und Nienstedt)<\/li>\n<li>Br\u00fcggen<\/li>\n<li>Rheden<\/li>\n<li>Wallenstedt (zusammen mit Heinum)<\/li>\n<li>Deinsen<\/li>\n<li>Deilmissen<\/li>\n<li>Hoyershausen<\/li>\n<li>L\u00fcbbrechtsen (zusammen mit Rott)<\/li>\n<li><a title=\"http:\/\/www.feuerwehr-coppengrave.de\/\" href=\"http:\/\/www.feuerwehr-coppengrave.de\/\" target=\"_blank\" rel=\"noopener\">Coppengrave<\/a><\/li>\n<li>Weenzen<\/li>\n<li>Capellenhagen ( zusammen mit F\u00f6lzihausen)<\/li>\n<\/ul>\n<p>Diese Wehren gliedern sich in sechs Z\u00fcge. Au\u00dferdem geh\u00f6ren einige Fahrzeuge Sondereinheiten wie der Kreisfeuerwehrbereitschaft 2 oder dem Gefahrgutzug West an.<\/p>\n<p><\/p>\n<p>Wird im Einsatzfall ein kompletter Zug alarmiert, wird die Arbeit durch ein Einsatzleitwagen (ELW1) koordiniert. Der Gronauer ELW ist dabei f\u00fcr die Z\u00fcge 1-4 verantwortlich und der Duinger ELW f\u00fcr die Z\u00fcge 5-6.<\/p>\n<p>In der Duinger Wehr dient der ELW ebenfalls als First Responderfahrzeug. Dieser f\u00e4hrt zur Unterst\u00fctzung des Rettungsdienst Personen die reanimiert werden m\u00fcssen in der Gemeinde Duingen die Ortsteile Duingen, Coppengrave, Weenzen, Capellenhagen und F\u00f6lzihausen an.<\/p>\n<p><\/p>\n<p>F\u00fcr die Abarbeitung von Verkehrsunf\u00e4llen verf\u00fcgen die St\u00fctzpunkt- und Schwerpunktwehren jeweils \u00fcber einen R\u00fcstsatz (Schere, Spreizer, etc&#8230;). Bei Eins\u00e4tzen werden dann immer die beiden jeweils dem Unfallort n\u00e4chsten gelegenen Wehren alarmiert<\/p>\n<p><\/p>\n<p>Die Schwerpunktfeuerwehr Gronau verf\u00fcgt au\u00dferdem \u00fcber eine Drehleiter die auch h\u00e4ufig in Nachbargemeinden eingesetzt wird, die \u00fcber keine eigene Drehleiter verf\u00fcgen.<\/p>\n<p>Au\u00dferdem ist hier auch ein Boot vorhanden, dass f\u00fcr Hilfeleistungseins\u00e4tze auf Gew\u00e4ssern wie der Leine oder den Duinger Seen eingesetzt werden kann.<\/p>\n<p><\/p>\n<p>Verantwortlich f\u00fcr die Samtgemeindefeuerwehr ist der Samtgemeindebrandmeister mit zwei Stellvertretern.<\/p>\t\t\t\t\t\t<\/div>\n\t\t\t\t<\/div>\n\t\t\t\t<\/div>\n\t\t\t\t\t<\/div>\n\t\t\t\t<\/div>\n\t\t\t\t<\/div>\n\t\t","protected":false},"excerpt":{"rendered":"<p>\u00dcber uns Gliederung der Feuerwehr in der Samtgemeinde Leinebergland Die Feuerwehr Leinebergland entstand durch die Fusion der Samtgemeinden Duingen und Gronau. Sie besteht aus 17 Wehren: Schwerpunktwehr: Gronau St\u00fctzpunktwehr: Eime Banteln Marienhagen Duingen Feuerwehr mit Grundausstattung: Betheln (zusamen mit H.- Escherde) Despetal (Zusammenschluss aus Barfelde, Eitzum und Nienstedt) Br\u00fcggen Rheden Wallenstedt (zusammen mit Heinum) Deinsen [&hellip;]<\/p>\n","protected":false},"author":2,"featured_media":0,"parent":2,"menu_order":0,"comment_status":"closed","ping_status":"closed","template":"elementor_header_footer","meta":{"footnotes":""},"class_list":["post-1010","page","type-page","status-publish","hentry"],"_links":{"self":[{"href":"https:\/\/feuerwehr.edvexperten.de\/index.php\/wp-json\/wp\/v2\/pages\/1010","targetHints":{"allow":["GET"]}}],"collection":[{"href":"https:\/\/feuerwehr.edvexperten.de\/index.php\/wp-json\/wp\/v2\/pages"}],"about":[{"href":"https:\/\/feuerwehr.edvexperten.de\/index.php\/wp-json\/wp\/v2\/types\/page"}],"author":[{"embeddable":true,"href":"https:\/\/feuerwehr.edvexperten.de\/index.php\/wp-json\/wp\/v2\/users\/2"}],"replies":[{"embeddable":true,"href":"https:\/\/feuerwehr.edvexperten.de\/index.php\/wp-json\/wp\/v2\/comments?post=1010"}],"version-history":[{"count":5,"href":"https:\/\/feuerwehr.edvexperten.de\/index.php\/wp-json\/wp\/v2\/pages\/1010\/revisions"}],"predecessor-version":[{"id":1019,"href":"https:\/\/feuerwehr.edvexperten.de\/index.php\/wp-json\/wp\/v2\/pages\/1010\/revisions\/1019"}],"up":[{"embeddable":true,"href":"https:\/\/feuerwehr.edvexperten.de\/index.php\/wp-json\/wp\/v2\/pages\/2"}],"wp:attachment":[{"href":"https:\/\/feuerwehr.edvexperten.de\/index.php\/wp-json\/wp\/v2\/media?parent=1010"}],"curies":[{"name":"wp","href":"https:\/\/api.w.org\/{rel}","templated":true}]}}