{"id":1152,"date":"2025-01-26T13:09:40","date_gmt":"2025-01-26T11:09:40","guid":{"rendered":"https:\/\/feuerwehr.edvexperten.de\/?page_id=1152"},"modified":"2025-01-26T13:09:55","modified_gmt":"2025-01-26T11:09:55","slug":"einsaetze-2025","status":"publish","type":"page","link":"https:\/\/feuerwehr.edvexperten.de\/index.php\/einsaetze-und-aktivitaeten\/einsaetze-2025\/","title":{"rendered":"Eins\u00e4tze 2025"},"content":{"rendered":"<h2>Eins\u00e4tze 2025<\/h2>\n<span>F\u00fcr den gew\u00e4hlten Zeitraum stehen keine Einsatzberichte zur Verf\u00fcgung.<\/span>\n","protected":false},"excerpt":{"rendered":"<p>Eins\u00e4tze 2025<\/p>\n","protected":false},"author":2,"featured_media":0,"parent":383,"menu_order":0,"comment_status":"open","ping_status":"closed","template":"","meta":{"footnotes":""},"class_list":["post-1152","page","type-page","status-publish","hentry"],"_links":{"self":[{"href":"https:\/\/feuerwehr.edvexperten.de\/index.php\/wp-json\/wp\/v2\/pages\/1152","targetHints":{"allow":["GET"]}}],"collection":[{"href":"https:\/\/feuerwehr.edvexperten.de\/index.php\/wp-json\/wp\/v2\/pages"}],"about":[{"href":"https:\/\/feuerwehr.edvexperten.de\/index.php\/wp-json\/wp\/v2\/types\/page"}],"author":[{"embeddable":true,"href":"https:\/\/feuerwehr.edvexperten.de\/index.php\/wp-json\/wp\/v2\/users\/2"}],"replies":[{"embeddable":true,"href":"https:\/\/feuerwehr.edvexperten.de\/index.php\/wp-json\/wp\/v2\/comments?post=1152"}],"version-history":[{"count":2,"href":"https:\/\/feuerwehr.edvexperten.de\/index.php\/wp-json\/wp\/v2\/pages\/1152\/revisions"}],"predecessor-version":[{"id":1154,"href":"https:\/\/feuerwehr.edvexperten.de\/index.php\/wp-json\/wp\/v2\/pages\/1152\/revisions\/1154"}],"up":[{"embeddable":true,"href":"https:\/\/feuerwehr.edvexperten.de\/index.php\/wp-json\/wp\/v2\/pages\/383"}],"wp:attachment":[{"href":"https:\/\/feuerwehr.edvexperten.de\/index.php\/wp-json\/wp\/v2\/media?parent=1152"}],"curies":[{"name":"wp","href":"https:\/\/api.w.org\/{rel}","templated":true}]}}