{"id":2,"date":"2024-02-15T14:31:56","date_gmt":"2024-02-15T14:31:56","guid":{"rendered":"https:\/\/feuerwehr.edvexperten.de\/?page_id=2"},"modified":"2024-09-11T17:30:06","modified_gmt":"2024-09-11T15:30:06","slug":"ueber-uns","status":"publish","type":"page","link":"https:\/\/feuerwehr.edvexperten.de\/index.php\/ueber-uns\/","title":{"rendered":"\u00dcber uns"},"content":{"rendered":"\t\t<div data-elementor-type=\"wp-page\" data-elementor-id=\"2\" class=\"elementor elementor-2\" data-elementor-post-type=\"page\">\n\t\t\t\t<div class=\"elementor-element elementor-element-241b3a1 e-grid e-con-boxed e-con e-parent\" data-id=\"241b3a1\" data-element_type=\"container\">\n\t\t\t\t\t<div class=\"e-con-inner\">\n\t\t\t\t<div class=\"elementor-element elementor-element-9063288 elementor-widget elementor-widget-heading\" data-id=\"9063288\" data-element_type=\"widget\" data-widget_type=\"heading.default\">\n\t\t\t\t<div class=\"elementor-widget-container\">\n\t\t\t<h3 class=\"elementor-heading-title elementor-size-default\">\u00dcber uns<\/h3>\t\t<\/div>\n\t\t\t\t<\/div>\n\t\t\t\t<div class=\"elementor-element elementor-element-4de08c8 elementor-nav-menu--dropdown-tablet elementor-nav-menu__text-align-aside elementor-nav-menu--toggle elementor-nav-menu--burger elementor-widget elementor-widget-nav-menu\" data-id=\"4de08c8\" data-element_type=\"widget\" data-settings=\"{&quot;layout&quot;:&quot;horizontal&quot;,&quot;submenu_icon&quot;:{&quot;value&quot;:&quot;&lt;svg class=\\&quot;e-font-icon-svg e-fas-caret-down\\&quot; viewBox=\\&quot;0 0 320 512\\&quot; xmlns=\\&quot;http:\\\/\\\/www.w3.org\\\/2000\\\/svg\\&quot;&gt;&lt;path d=\\&quot;M31.3 192h257.3c17.8 0 26.7 21.5 14.1 34.1L174.1 354.8c-7.8 7.8-20.5 7.8-28.3 0L17.2 226.1C4.6 213.5 13.5 192 31.3 192z\\&quot;&gt;&lt;\\\/path&gt;&lt;\\\/svg&gt;&quot;,&quot;library&quot;:&quot;fa-solid&quot;},&quot;toggle&quot;:&quot;burger&quot;}\" data-widget_type=\"nav-menu.default\">\n\t\t\t\t<div class=\"elementor-widget-container\">\n\t\t\t\t\t\t<nav aria-label=\"Men\u00fc\" class=\"elementor-nav-menu--main elementor-nav-menu__container elementor-nav-menu--layout-horizontal e--pointer-background e--animation-fade\">\n\t\t\t\t<ul id=\"menu-1-4de08c8\" class=\"elementor-nav-menu\"><li class=\"menu-item menu-item-type-post_type menu-item-object-page menu-item-714\"><a href=\"https:\/\/feuerwehr.edvexperten.de\/index.php\/ueber-uns\/\" class=\"elementor-item\">\u00dcber uns<\/a><\/li>\n<li class=\"menu-item menu-item-type-post_type menu-item-object-page menu-item-149\"><a href=\"https:\/\/feuerwehr.edvexperten.de\/index.php\/ueber-uns\/einsatzabteilung\/\" class=\"elementor-item\">Einsatzabteilung<\/a><\/li>\n<li class=\"menu-item menu-item-type-post_type menu-item-object-page menu-item-1020\"><a href=\"https:\/\/feuerwehr.edvexperten.de\/index.php\/ueber-uns\/gliederung-sgl\/\" class=\"elementor-item\">Gliederung SG Leinebergland<\/a><\/li>\n<li class=\"menu-item menu-item-type-post_type menu-item-object-page menu-item-268\"><a href=\"https:\/\/feuerwehr.edvexperten.de\/index.php\/ueber-uns\/alterabteilung\/\" class=\"elementor-item\">Alterabteilung<\/a><\/li>\n<li class=\"menu-item menu-item-type-post_type menu-item-object-page menu-item-294\"><a href=\"https:\/\/feuerwehr.edvexperten.de\/index.php\/ueber-uns\/aktive-mitgliedschaft\/\" class=\"elementor-item\">Aktive Mitgliedschaft<\/a><\/li>\n<\/ul>\t\t\t<\/nav>\n\t\t\t\t\t<div class=\"elementor-menu-toggle\" role=\"button\" tabindex=\"0\" aria-label=\"Men\u00fc Umschalter\" aria-expanded=\"false\">\n\t\t\t<svg aria-hidden=\"true\" role=\"presentation\" class=\"elementor-menu-toggle__icon--open e-font-icon-svg e-eicon-menu-bar\" viewBox=\"0 0 1000 1000\" xmlns=\"http:\/\/www.w3.org\/2000\/svg\"><path d=\"M104 333H896C929 333 958 304 958 271S929 208 896 208H104C71 208 42 237 42 271S71 333 104 333ZM104 583H896C929 583 958 554 958 521S929 458 896 458H104C71 458 42 487 42 521S71 583 104 583ZM104 833H896C929 833 958 804 958 771S929 708 896 708H104C71 708 42 737 42 771S71 833 104 833Z\"><\/path><\/svg><svg aria-hidden=\"true\" role=\"presentation\" class=\"elementor-menu-toggle__icon--close e-font-icon-svg e-eicon-close\" viewBox=\"0 0 1000 1000\" xmlns=\"http:\/\/www.w3.org\/2000\/svg\"><path d=\"M742 167L500 408 258 167C246 154 233 150 217 150 196 150 179 158 167 167 154 179 150 196 150 212 150 229 154 242 171 254L408 500 167 742C138 771 138 800 167 829 196 858 225 858 254 829L496 587 738 829C750 842 767 846 783 846 800 846 817 842 829 829 842 817 846 804 846 783 846 767 842 750 829 737L588 500 833 258C863 229 863 200 833 171 804 137 775 137 742 167Z\"><\/path><\/svg>\t\t\t<span class=\"elementor-screen-only\">Men\u00fc<\/span>\n\t\t<\/div>\n\t\t\t\t\t<nav class=\"elementor-nav-menu--dropdown elementor-nav-menu__container\" aria-hidden=\"true\">\n\t\t\t\t<ul id=\"menu-2-4de08c8\" class=\"elementor-nav-menu\"><li class=\"menu-item menu-item-type-post_type menu-item-object-page menu-item-714\"><a href=\"https:\/\/feuerwehr.edvexperten.de\/index.php\/ueber-uns\/\" class=\"elementor-item\" tabindex=\"-1\">\u00dcber uns<\/a><\/li>\n<li class=\"menu-item menu-item-type-post_type menu-item-object-page menu-item-149\"><a href=\"https:\/\/feuerwehr.edvexperten.de\/index.php\/ueber-uns\/einsatzabteilung\/\" class=\"elementor-item\" tabindex=\"-1\">Einsatzabteilung<\/a><\/li>\n<li class=\"menu-item menu-item-type-post_type menu-item-object-page menu-item-1020\"><a href=\"https:\/\/feuerwehr.edvexperten.de\/index.php\/ueber-uns\/gliederung-sgl\/\" class=\"elementor-item\" tabindex=\"-1\">Gliederung SG Leinebergland<\/a><\/li>\n<li class=\"menu-item menu-item-type-post_type menu-item-object-page menu-item-268\"><a href=\"https:\/\/feuerwehr.edvexperten.de\/index.php\/ueber-uns\/alterabteilung\/\" class=\"elementor-item\" tabindex=\"-1\">Alterabteilung<\/a><\/li>\n<li class=\"menu-item menu-item-type-post_type menu-item-object-page menu-item-294\"><a href=\"https:\/\/feuerwehr.edvexperten.de\/index.php\/ueber-uns\/aktive-mitgliedschaft\/\" class=\"elementor-item\" tabindex=\"-1\">Aktive Mitgliedschaft<\/a><\/li>\n<\/ul>\t\t\t<\/nav>\n\t\t\t\t<\/div>\n\t\t\t\t<\/div>\n\t\t\t\t\t<\/div>\n\t\t\t\t<\/div>\n\t\t<div class=\"elementor-element elementor-element-2e398e1 e-flex e-con-boxed e-con e-parent\" data-id=\"2e398e1\" data-element_type=\"container\">\n\t\t\t\t\t<div class=\"e-con-inner\">\n\t\t\t\t<div class=\"elementor-element elementor-element-3143b43 elementor-widget-divider--view-line elementor-widget elementor-widget-divider\" data-id=\"3143b43\" data-element_type=\"widget\" data-widget_type=\"divider.default\">\n\t\t\t\t<div class=\"elementor-widget-container\">\n\t\t\t\t\t<div class=\"elementor-divider\">\n\t\t\t<span class=\"elementor-divider-separator\">\n\t\t\t\t\t\t<\/span>\n\t\t<\/div>\n\t\t\t\t<\/div>\n\t\t\t\t<\/div>\n\t\t\t\t\t<\/div>\n\t\t\t\t<\/div>\n\t\t<div class=\"elementor-element elementor-element-47c38c90 e-flex e-con-boxed e-con e-parent\" data-id=\"47c38c90\" data-element_type=\"container\">\n\t\t\t\t\t<div class=\"e-con-inner\">\n\t\t\t\t<div class=\"elementor-element elementor-element-7b8f92e8 elementor-widget elementor-widget-text-editor\" data-id=\"7b8f92e8\" data-element_type=\"widget\" data-widget_type=\"text-editor.default\">\n\t\t\t\t<div class=\"elementor-widget-container\">\n\t\t\t\t\t\t\t<!-- wp:paragraph -->\n<p>Seit dem Jahr 1911 gibt es in Duingen eine Freiwillige Feuerwehr. Seither nehmen wir ehrenamtlich unsere Aufgaben wahr.<\/p>\n<!-- \/wp:paragraph --><!-- wp:paragraph -->\n<p><strong>Retten &#8211; L\u00f6schen &#8211; Bergen &#8211; Sch\u00fctzen<\/strong><\/p>\n<!-- \/wp:paragraph --><!-- wp:paragraph -->\n<p>Sie wollen mehr \u00fcber uns erfahren ?\u00a0<\/p>\n<!-- \/wp:paragraph --><!-- wp:paragraph -->\n<p>Auf unseren Seiten haben wir f\u00fcr Sie eine Menge an Informationen zusammengestellt, wir w\u00fcnschen Ihnen viel Spa\u00df uns kennen zu lernen.<\/p>\n<!-- \/wp:paragraph --><!-- wp:paragraph -->\n<p>Gern k\u00f6nnen Sie sich bei Fragen auch direkt an uns wenden.<\/p>\n<!-- \/wp:paragraph --><!-- wp:image {\"id\":137,\"sizeSlug\":\"full\",\"linkDestination\":\"none\"} -->\n<figure class=\"wp-block-image size-full\"><img fetchpriority=\"high\" decoding=\"async\" width=\"1024\" height=\"682\" class=\"wp-image-137\" src=\"https:\/\/feuerwehr.edvexperten.de\/wp-content\/uploads\/2024\/09\/Stein.png\" alt=\"\" srcset=\"https:\/\/feuerwehr.edvexperten.de\/wp-content\/uploads\/2024\/09\/Stein.png 1024w, https:\/\/feuerwehr.edvexperten.de\/wp-content\/uploads\/2024\/09\/Stein-300x200.png 300w, https:\/\/feuerwehr.edvexperten.de\/wp-content\/uploads\/2024\/09\/Stein-768x512.png 768w\" sizes=\"(max-width: 1024px) 100vw, 1024px\" \/><\/figure>\n<!-- \/wp:image -->\t\t\t\t\t\t<\/div>\n\t\t\t\t<\/div>\n\t\t\t\t\t<\/div>\n\t\t\t\t<\/div>\n\t\t<div class=\"elementor-element elementor-element-4f06f04 e-flex e-con-boxed e-con e-parent\" data-id=\"4f06f04\" data-element_type=\"container\">\n\t\t\t\t\t<div class=\"e-con-inner\">\n\t\t\t\t<div class=\"elementor-element elementor-element-f7f04c4 elementor-widget elementor-widget-google_maps\" data-id=\"f7f04c4\" data-element_type=\"widget\" data-widget_type=\"google_maps.default\">\n\t\t\t\t<div class=\"elementor-widget-container\">\n\t\t\t\t\t<div class=\"elementor-custom-embed\">\n\t\t\t<iframe loading=\"lazy\"\n\t\t\t\t\tsrc=\"https:\/\/maps.google.com\/maps?q=Hohes%20Rott%206%2C%20Duingen&#038;t=m&#038;z=17&#038;output=embed&#038;iwloc=near\"\n\t\t\t\t\ttitle=\"Hohes Rott 6, Duingen\"\n\t\t\t\t\taria-label=\"Hohes Rott 6, Duingen\"\n\t\t\t><\/iframe>\n\t\t<\/div>\n\t\t\t\t<\/div>\n\t\t\t\t<\/div>\n\t\t\t\t\t<\/div>\n\t\t\t\t<\/div>\n\t\t\t\t<\/div>\n\t\t","protected":false},"excerpt":{"rendered":"<p>\u00dcber uns Seit dem Jahr 1911 gibt es in Duingen eine Freiwillige Feuerwehr. Seither nehmen wir ehrenamtlich unsere Aufgaben wahr. Retten &#8211; L\u00f6schen &#8211; Bergen &#8211; Sch\u00fctzen Sie wollen mehr \u00fcber uns erfahren ?\u00a0 Auf unseren Seiten haben wir f\u00fcr Sie eine Menge an Informationen zusammengestellt, wir w\u00fcnschen Ihnen viel Spa\u00df uns kennen zu lernen. [&hellip;]<\/p>\n","protected":false},"author":1,"featured_media":0,"parent":0,"menu_order":0,"comment_status":"closed","ping_status":"closed","template":"elementor_header_footer","meta":{"footnotes":""},"class_list":["post-2","page","type-page","status-publish","hentry"],"_links":{"self":[{"href":"https:\/\/feuerwehr.edvexperten.de\/index.php\/wp-json\/wp\/v2\/pages\/2","targetHints":{"allow":["GET"]}}],"collection":[{"href":"https:\/\/feuerwehr.edvexperten.de\/index.php\/wp-json\/wp\/v2\/pages"}],"about":[{"href":"https:\/\/feuerwehr.edvexperten.de\/index.php\/wp-json\/wp\/v2\/types\/page"}],"author":[{"embeddable":true,"href":"https:\/\/feuerwehr.edvexperten.de\/index.php\/wp-json\/wp\/v2\/users\/1"}],"replies":[{"embeddable":true,"href":"https:\/\/feuerwehr.edvexperten.de\/index.php\/wp-json\/wp\/v2\/comments?post=2"}],"version-history":[{"count":55,"href":"https:\/\/feuerwehr.edvexperten.de\/index.php\/wp-json\/wp\/v2\/pages\/2\/revisions"}],"predecessor-version":[{"id":337,"href":"https:\/\/feuerwehr.edvexperten.de\/index.php\/wp-json\/wp\/v2\/pages\/2\/revisions\/337"}],"wp:attachment":[{"href":"https:\/\/feuerwehr.edvexperten.de\/index.php\/wp-json\/wp\/v2\/media?parent=2"}],"curies":[{"name":"wp","href":"https:\/\/api.w.org\/{rel}","templated":true}]}}