{"id":317,"date":"2024-09-11T16:12:23","date_gmt":"2024-09-11T14:12:23","guid":{"rendered":"https:\/\/feuerwehr.edvexperten.de\/?page_id=317"},"modified":"2025-01-26T13:11:48","modified_gmt":"2025-01-26T11:11:48","slug":"aktuelles","status":"publish","type":"page","link":"https:\/\/feuerwehr.edvexperten.de\/index.php\/aktuelles\/","title":{"rendered":"Aktuelles"},"content":{"rendered":"\t\t<div data-elementor-type=\"wp-page\" data-elementor-id=\"317\" class=\"elementor elementor-317\" data-elementor-post-type=\"page\">\n\t\t\t\t<div class=\"elementor-element elementor-element-8ad1182 e-flex e-con-boxed e-con e-parent\" data-id=\"8ad1182\" data-element_type=\"container\">\n\t\t\t\t\t<div class=\"e-con-inner\">\n\t\t\t\t<div class=\"elementor-element elementor-element-c21a7d7 elementor-widget elementor-widget-heading\" data-id=\"c21a7d7\" data-element_type=\"widget\" data-widget_type=\"heading.default\">\n\t\t\t\t<div class=\"elementor-widget-container\">\n\t\t\t<h2 class=\"elementor-heading-title elementor-size-default\">Aktuelles<\/h2>\t\t<\/div>\n\t\t\t\t<\/div>\n\t\t\t\t\t<\/div>\n\t\t\t\t<\/div>\n\t\t<div class=\"elementor-element elementor-element-51a3d77 e-flex e-con-boxed e-con e-parent\" data-id=\"51a3d77\" data-element_type=\"container\">\n\t\t\t\t\t<div class=\"e-con-inner\">\n\t\t\t\t<div class=\"elementor-element elementor-element-c0e9e86 elementor-widget-divider--view-line elementor-widget elementor-widget-divider\" data-id=\"c0e9e86\" data-element_type=\"widget\" data-widget_type=\"divider.default\">\n\t\t\t\t<div class=\"elementor-widget-container\">\n\t\t\t\t\t<div class=\"elementor-divider\">\n\t\t\t<span class=\"elementor-divider-separator\">\n\t\t\t\t\t\t<\/span>\n\t\t<\/div>\n\t\t\t\t<\/div>\n\t\t\t\t<\/div>\n\t\t\t\t\t<\/div>\n\t\t\t\t<\/div>\n\t\t<div class=\"elementor-element elementor-element-77d8755 e-grid e-con-boxed e-con e-parent\" data-id=\"77d8755\" data-element_type=\"container\">\n\t\t\t\t\t<div class=\"e-con-inner\">\n\t\t\t\t<div class=\"elementor-element elementor-element-6b43241 elementor-widget elementor-widget-spacer\" data-id=\"6b43241\" data-element_type=\"widget\" data-widget_type=\"spacer.default\">\n\t\t\t\t<div class=\"elementor-widget-container\">\n\t\t\t\t\t<div class=\"elementor-spacer\">\n\t\t\t<div class=\"elementor-spacer-inner\"><\/div>\n\t\t<\/div>\n\t\t\t\t<\/div>\n\t\t\t\t<\/div>\n\t\t\t\t<div class=\"elementor-element elementor-element-7cb9951 elementor-widget elementor-widget-facebook-page\" data-id=\"7cb9951\" data-element_type=\"widget\" data-widget_type=\"facebook-page.default\">\n\t\t\t\t<div class=\"elementor-widget-container\">\n\t\t\t<div class=\"elementor-facebook-widget fb-page\" data-href=\"https:\/\/www.facebook.com\/feuerwehrduingen\" data-tabs=\"timeline\" data-height=\"700px\" data-width=\"500px\" data-small-header=\"false\" data-hide-cover=\"false\" data-show-facepile=\"true\" data-hide-cta=\"false\" style=\"min-height: 1px;height:700px\"><\/div>\t\t<\/div>\n\t\t\t\t<\/div>\n\t\t\t\t<div class=\"elementor-element elementor-element-470243d elementor-widget elementor-widget-spacer\" data-id=\"470243d\" data-element_type=\"widget\" data-widget_type=\"spacer.default\">\n\t\t\t\t<div class=\"elementor-widget-container\">\n\t\t\t\t\t<div class=\"elementor-spacer\">\n\t\t\t<div class=\"elementor-spacer-inner\"><\/div>\n\t\t<\/div>\n\t\t\t\t<\/div>\n\t\t\t\t<\/div>\n\t\t\t\t\t<\/div>\n\t\t\t\t<\/div>\n\t\t\t\t<section class=\"elementor-section elementor-top-section elementor-element elementor-element-2fd3081 elementor-section-boxed elementor-section-height-default elementor-section-height-default\" data-id=\"2fd3081\" data-element_type=\"section\" data-settings=\"{&quot;background_background&quot;:&quot;classic&quot;}\">\n\t\t\t\t\t\t\t<div class=\"elementor-background-overlay\"><\/div>\n\t\t\t\t\t\t\t<div class=\"elementor-container elementor-column-gap-default\">\n\t\t\t\t\t<div class=\"elementor-column elementor-col-25 elementor-top-column elementor-element elementor-element-b528021 animated-slow elementor-invisible\" data-id=\"b528021\" data-element_type=\"column\" data-settings=\"{&quot;background_background&quot;:&quot;classic&quot;,&quot;animation&quot;:&quot;fadeInUp&quot;}\">\n\t\t\t<div class=\"elementor-widget-wrap\">\n\t\t\t\t\t\t\t<\/div>\n\t\t<\/div>\n\t\t\t\t<div class=\"elementor-column elementor-col-25 elementor-top-column elementor-element elementor-element-5f30658 animated-slow elementor-invisible\" data-id=\"5f30658\" data-element_type=\"column\" data-settings=\"{&quot;background_background&quot;:&quot;classic&quot;,&quot;animation&quot;:&quot;fadeInUp&quot;}\">\n\t\t\t<div class=\"elementor-widget-wrap\">\n\t\t\t\t\t\t\t<\/div>\n\t\t<\/div>\n\t\t\t\t<div class=\"elementor-column elementor-col-25 elementor-top-column elementor-element elementor-element-178f09f animated-slow elementor-invisible\" data-id=\"178f09f\" data-element_type=\"column\" data-settings=\"{&quot;background_background&quot;:&quot;classic&quot;,&quot;animation&quot;:&quot;fadeInUp&quot;}\">\n\t\t\t<div class=\"elementor-widget-wrap\">\n\t\t\t\t\t\t\t<\/div>\n\t\t<\/div>\n\t\t\t\t<div class=\"elementor-column elementor-col-25 elementor-top-column elementor-element elementor-element-4b4dda0 animated-slow elementor-invisible\" data-id=\"4b4dda0\" data-element_type=\"column\" data-settings=\"{&quot;background_background&quot;:&quot;classic&quot;,&quot;animation&quot;:&quot;fadeInUp&quot;}\">\n\t\t\t<div class=\"elementor-widget-wrap\">\n\t\t\t\t\t\t\t<\/div>\n\t\t<\/div>\n\t\t\t\t\t<\/div>\n\t\t<\/section>\n\t\t<div class=\"elementor-element elementor-element-63fb380 e-flex e-con-boxed e-con e-parent\" data-id=\"63fb380\" data-element_type=\"container\">\n\t\t\t\t\t<div class=\"e-con-inner\">\n\t\t<div class=\"elementor-element elementor-element-88bee12 e-con-full e-flex e-con e-child\" data-id=\"88bee12\" data-element_type=\"container\" data-settings=\"{&quot;shape_divider_top&quot;:&quot;triangle-asymmetrical&quot;,&quot;background_background&quot;:&quot;classic&quot;}\">\n\t\t\t\t<div class=\"elementor-shape elementor-shape-top\" data-negative=\"false\">\n\t\t\t<svg xmlns=\"http:\/\/www.w3.org\/2000\/svg\" viewBox=\"0 0 1000 100\" preserveAspectRatio=\"none\">\n\t<path class=\"elementor-shape-fill\" d=\"M738,99l262-93V0H0v5.6L738,99z\"\/>\n<\/svg>\t\t<\/div>\n\t\t\t\t<div class=\"elementor-element elementor-element-f7d06f4 elementor-widget elementor-widget-table-of-contents\" data-id=\"f7d06f4\" data-element_type=\"widget\" data-settings=\"{&quot;exclude_headings_by_selector&quot;:[],&quot;marker_view&quot;:&quot;bullets&quot;,&quot;headings_by_tags&quot;:[&quot;h2&quot;,&quot;h3&quot;,&quot;h4&quot;,&quot;h5&quot;,&quot;h6&quot;],&quot;icon&quot;:{&quot;value&quot;:&quot;fas fa-circle&quot;,&quot;library&quot;:&quot;fa-solid&quot;,&quot;rendered_tag&quot;:&quot;&lt;svg class=\\&quot;e-font-icon-svg e-fas-circle\\&quot; viewBox=\\&quot;0 0 512 512\\&quot; xmlns=\\&quot;http:\\\/\\\/www.w3.org\\\/2000\\\/svg\\&quot;&gt;&lt;path d=\\&quot;M256 8C119 8 8 119 8 256s111 248 248 248 248-111 248-248S393 8 256 8z\\&quot;&gt;&lt;\\\/path&gt;&lt;\\\/svg&gt;&quot;},&quot;min_height&quot;:{&quot;unit&quot;:&quot;px&quot;,&quot;size&quot;:&quot;&quot;,&quot;sizes&quot;:[]},&quot;min_height_tablet&quot;:{&quot;unit&quot;:&quot;px&quot;,&quot;size&quot;:&quot;&quot;,&quot;sizes&quot;:[]},&quot;min_height_mobile&quot;:{&quot;unit&quot;:&quot;px&quot;,&quot;size&quot;:&quot;&quot;,&quot;sizes&quot;:[]}}\" data-widget_type=\"table-of-contents.default\">\n\t\t\t\t<div class=\"elementor-widget-container\">\n\t\t\t\t\t<div class=\"elementor-toc__header\">\n\t\t\t<h4 class=\"elementor-toc__header-title\">\n\t\t\t\tVeranstaltungen 2024\t\t\t<\/h4>\n\t\t\t\t\t<\/div>\n\t\t<div id=\"elementor-toc__f7d06f4\" class=\"elementor-toc__body\">\n\t\t\t<div class=\"elementor-toc__spinner-container\">\n\t\t\t\t<svg class=\"elementor-toc__spinner eicon-animation-spin e-font-icon-svg e-eicon-loading\" aria-hidden=\"true\" viewBox=\"0 0 1000 1000\" xmlns=\"http:\/\/www.w3.org\/2000\/svg\"><path d=\"M500 975V858C696 858 858 696 858 500S696 142 500 142 142 304 142 500H25C25 237 238 25 500 25S975 237 975 500 763 975 500 975Z\"><\/path><\/svg>\t\t\t<\/div>\n\t\t<\/div>\n\t\t\t\t<\/div>\n\t\t\t\t<\/div>\n\t\t\t\t<\/div>\n\t\t\t\t<div class=\"elementor-element elementor-element-c2fd7ed elementor-grid-2 elementor-grid-tablet-2 elementor-grid-mobile-1 elementor-posts--thumbnail-top elementor-posts--show-avatar elementor-card-shadow-yes elementor-posts__hover-gradient elementor-widget elementor-widget-posts\" data-id=\"c2fd7ed\" data-element_type=\"widget\" data-settings=\"{&quot;cards_columns&quot;:&quot;2&quot;,&quot;cards_columns_tablet&quot;:&quot;2&quot;,&quot;cards_columns_mobile&quot;:&quot;1&quot;,&quot;cards_row_gap&quot;:{&quot;unit&quot;:&quot;px&quot;,&quot;size&quot;:35,&quot;sizes&quot;:[]},&quot;cards_row_gap_tablet&quot;:{&quot;unit&quot;:&quot;px&quot;,&quot;size&quot;:&quot;&quot;,&quot;sizes&quot;:[]},&quot;cards_row_gap_mobile&quot;:{&quot;unit&quot;:&quot;px&quot;,&quot;size&quot;:&quot;&quot;,&quot;sizes&quot;:[]}}\" data-widget_type=\"posts.cards\">\n\t\t\t\t<div class=\"elementor-widget-container\">\n\t\t\t\t\t<div class=\"elementor-posts-container elementor-posts elementor-posts--skin-cards elementor-grid\">\n\t\t\t\t<article class=\"elementor-post elementor-grid-item post-913 post type-post status-publish format-standard has-post-thumbnail hentry category-events-2024 category-jf-2024 category-kf-bb-2024 category-uncategorized\">\n\t\t\t<div class=\"elementor-post__card\">\n\t\t\t\t<a class=\"elementor-post__thumbnail__link\" href=\"https:\/\/feuerwehr.edvexperten.de\/index.php\/2024\/11\/09\/elementor-913\/\" tabindex=\"-1\" ><div class=\"elementor-post__thumbnail\"><img fetchpriority=\"high\" decoding=\"async\" width=\"768\" height=\"644\" src=\"https:\/\/feuerwehr.edvexperten.de\/wp-content\/uploads\/2024\/11\/Kopie-von-Social-Media-Post_20241109_232812_0000-768x644.png\" class=\"attachment-medium_large size-medium_large wp-image-915\" alt=\"\" srcset=\"https:\/\/feuerwehr.edvexperten.de\/wp-content\/uploads\/2024\/11\/Kopie-von-Social-Media-Post_20241109_232812_0000-768x644.png 768w, https:\/\/feuerwehr.edvexperten.de\/wp-content\/uploads\/2024\/11\/Kopie-von-Social-Media-Post_20241109_232812_0000-300x251.png 300w, https:\/\/feuerwehr.edvexperten.de\/wp-content\/uploads\/2024\/11\/Kopie-von-Social-Media-Post_20241109_232812_0000.png 940w\" sizes=\"(max-width: 768px) 100vw, 768px\" \/><\/div><\/a>\n\t\t\t\t<div class=\"elementor-post__badge\">Aktivit\u00e4ten 2024<\/div>\n\t\t\t\t<div class=\"elementor-post__avatar\">\n\t\t\t<img alt='Oliver Schmidt' src='https:\/\/secure.gravatar.com\/avatar\/294bf10aece86407d5be376822ee8afb65c529fbf41516e8dd5391ca1d07e564?s=128&#038;d=mm&#038;r=g' srcset='https:\/\/secure.gravatar.com\/avatar\/294bf10aece86407d5be376822ee8afb65c529fbf41516e8dd5391ca1d07e564?s=256&#038;d=mm&#038;r=g 2x' class='avatar avatar-128 photo' height='128' width='128' \/>\t\t<\/div>\n\t\t\t\t<div class=\"elementor-post__text\">\n\t\t\t\t<h3 class=\"elementor-post__title\">\n\t\t\t<a href=\"https:\/\/feuerwehr.edvexperten.de\/index.php\/2024\/11\/09\/elementor-913\/\" >\n\t\t\t\tFeuer &#038; Eis &#8211; Kinder- &#038; Jugendfeuerwehr beim Schlittschuhlaufen\t\t\t<\/a>\n\t\t<\/h3>\n\t\t\t\t<div class=\"elementor-post__excerpt\">\n\t\t\t<p>09.11.2024 \ud83d\ude92\u26f8\ufe0f Feuer und Eis \u26f8\ufe0f\ud83d\ude92 Feuer und Eis Heute hatten die Kinderfeuerwehren und die Jugendfeuerwehren der Samtgemeinde Leinebergland einen tollen Tag auf dem Eis<\/p>\n\t\t<\/div>\n\t\t\n\t\t<a class=\"elementor-post__read-more\" href=\"https:\/\/feuerwehr.edvexperten.de\/index.php\/2024\/11\/09\/elementor-913\/\" aria-label=\"Mehr \u00fcber Feuer &#038; Eis &#8211; Kinder- &#038; Jugendfeuerwehr beim Schlittschuhlaufen\" tabindex=\"-1\" >\n\t\t\tWeiterlesen \u00bb\t\t<\/a>\n\n\t\t\t\t<\/div>\n\t\t\t\t<div class=\"elementor-post__meta-data\">\n\t\t\t\t\t<span class=\"elementor-post-date\">\n\t\t\t09.11.2024\t\t<\/span>\n\t\t\t\t<span class=\"elementor-post-avatar\">\n\t\t\tKeine Kommentare\t\t<\/span>\n\t\t\t\t<\/div>\n\t\t\t\t\t<\/div>\n\t\t<\/article>\n\t\t\t\t<article class=\"elementor-post elementor-grid-item post-826 post type-post status-publish format-standard has-post-thumbnail hentry category-events-2024 category-kf-bb-2024\">\n\t\t\t<div class=\"elementor-post__card\">\n\t\t\t\t<a class=\"elementor-post__thumbnail__link\" href=\"https:\/\/feuerwehr.edvexperten.de\/index.php\/2024\/03\/06\/06-03-2024-kinderfeuerwehr-besucht-thw-elze\/\" tabindex=\"-1\" ><div class=\"elementor-post__thumbnail\"><img decoding=\"async\" width=\"768\" height=\"355\" src=\"https:\/\/feuerwehr.edvexperten.de\/wp-content\/uploads\/2024\/09\/20240306_153100-768x355.jpg\" class=\"attachment-medium_large size-medium_large wp-image-831\" alt=\"\" srcset=\"https:\/\/feuerwehr.edvexperten.de\/wp-content\/uploads\/2024\/09\/20240306_153100-768x355.jpg 768w, https:\/\/feuerwehr.edvexperten.de\/wp-content\/uploads\/2024\/09\/20240306_153100-300x139.jpg 300w, https:\/\/feuerwehr.edvexperten.de\/wp-content\/uploads\/2024\/09\/20240306_153100-1024x473.jpg 1024w, https:\/\/feuerwehr.edvexperten.de\/wp-content\/uploads\/2024\/09\/20240306_153100-1536x710.jpg 1536w, https:\/\/feuerwehr.edvexperten.de\/wp-content\/uploads\/2024\/09\/20240306_153100-2048x946.jpg 2048w\" sizes=\"(max-width: 768px) 100vw, 768px\" \/><\/div><\/a>\n\t\t\t\t<div class=\"elementor-post__badge\">Aktivit\u00e4ten 2024<\/div>\n\t\t\t\t<div class=\"elementor-post__avatar\">\n\t\t\t<img alt='Oliver Schmidt' src='https:\/\/secure.gravatar.com\/avatar\/294bf10aece86407d5be376822ee8afb65c529fbf41516e8dd5391ca1d07e564?s=128&#038;d=mm&#038;r=g' srcset='https:\/\/secure.gravatar.com\/avatar\/294bf10aece86407d5be376822ee8afb65c529fbf41516e8dd5391ca1d07e564?s=256&#038;d=mm&#038;r=g 2x' class='avatar avatar-128 photo' height='128' width='128' \/>\t\t<\/div>\n\t\t\t\t<div class=\"elementor-post__text\">\n\t\t\t\t<h3 class=\"elementor-post__title\">\n\t\t\t<a href=\"https:\/\/feuerwehr.edvexperten.de\/index.php\/2024\/03\/06\/06-03-2024-kinderfeuerwehr-besucht-thw-elze\/\" >\n\t\t\t\tKinderfeuerwehr besucht das THW Elze\t\t\t<\/a>\n\t\t<\/h3>\n\t\t\t\t<div class=\"elementor-post__excerpt\">\n\t\t\t<p>Die Kinderfeuerwehr aus Duingen hatte k\u00fcrzlich die aufregende Gelegenheit, das Technische Hilfswerk (THW) in Elze zu besuchen. Die jungen Besucher konnten einen Blick hinter die Kulissen werfen und erfuhren dabei viel \u00fcber die wichtige Arbeit des THW. Sie bekamen die Chance, die verschiedenen Fahrzeuge und Ausr\u00fcstungen zu erkunden und sich von den engagierten Helfern alles erkl\u00e4ren zu lassen. Die Begeisterung der Kinder war sp\u00fcrbar, als sie selbst aktiv werden durften und kleine \u00dcbungen absolvierten. Diese besondere Erfahrung wird ihnen sicherlich noch lange in Erinnerung bleiben und ihr Interesse an Feuerwehr und THW weiter st\u00e4rken.<\/p>\n\t\t<\/div>\n\t\t\n\t\t<a class=\"elementor-post__read-more\" href=\"https:\/\/feuerwehr.edvexperten.de\/index.php\/2024\/03\/06\/06-03-2024-kinderfeuerwehr-besucht-thw-elze\/\" aria-label=\"Mehr \u00fcber Kinderfeuerwehr besucht das THW Elze\" tabindex=\"-1\" >\n\t\t\tWeiterlesen \u00bb\t\t<\/a>\n\n\t\t\t\t<\/div>\n\t\t\t\t<div class=\"elementor-post__meta-data\">\n\t\t\t\t\t<span class=\"elementor-post-date\">\n\t\t\t06.03.2024\t\t<\/span>\n\t\t\t\t<span class=\"elementor-post-avatar\">\n\t\t\tKeine Kommentare\t\t<\/span>\n\t\t\t\t<\/div>\n\t\t\t\t\t<\/div>\n\t\t<\/article>\n\t\t\t\t<article class=\"elementor-post elementor-grid-item post-83 post type-post status-publish format-standard has-post-thumbnail hentry category-events-2024\">\n\t\t\t<div class=\"elementor-post__card\">\n\t\t\t\t<a class=\"elementor-post__thumbnail__link\" href=\"https:\/\/feuerwehr.edvexperten.de\/index.php\/2024\/02\/19\/braunkohlwanderung-2024\/\" tabindex=\"-1\" ><div class=\"elementor-post__thumbnail\"><img decoding=\"async\" width=\"748\" height=\"499\" src=\"https:\/\/feuerwehr.edvexperten.de\/wp-content\/uploads\/2024\/02\/image-1.jpg\" class=\"attachment-medium_large size-medium_large wp-image-84\" alt=\"\" srcset=\"https:\/\/feuerwehr.edvexperten.de\/wp-content\/uploads\/2024\/02\/image-1.jpg 748w, https:\/\/feuerwehr.edvexperten.de\/wp-content\/uploads\/2024\/02\/image-1-300x200.jpg 300w\" sizes=\"(max-width: 748px) 100vw, 748px\" \/><\/div><\/a>\n\t\t\t\t<div class=\"elementor-post__badge\">Aktivit\u00e4ten 2024<\/div>\n\t\t\t\t<div class=\"elementor-post__avatar\">\n\t\t\t<img alt='admin' src='https:\/\/secure.gravatar.com\/avatar\/0d1e9fc985350d579af712118341ccbfc07439ad15aac52ecc5ed92a4cd85902?s=128&#038;d=mm&#038;r=g' srcset='https:\/\/secure.gravatar.com\/avatar\/0d1e9fc985350d579af712118341ccbfc07439ad15aac52ecc5ed92a4cd85902?s=256&#038;d=mm&#038;r=g 2x' class='avatar avatar-128 photo' height='128' width='128' \/>\t\t<\/div>\n\t\t\t\t<div class=\"elementor-post__text\">\n\t\t\t\t<h3 class=\"elementor-post__title\">\n\t\t\t<a href=\"https:\/\/feuerwehr.edvexperten.de\/index.php\/2024\/02\/19\/braunkohlwanderung-2024\/\" >\n\t\t\t\tBraunkohlwanderung 2024\t\t\t<\/a>\n\t\t<\/h3>\n\t\t\t\t<div class=\"elementor-post__excerpt\">\n\t\t\t<p>Letzte Woche Samstag lud der F\u00f6rderverein der Freiwilligen Feuerwehr Duingen zur dies j\u00e4hrigen Braunkohlwanderung ein.<br \/>\nUm 14:30 Uhr trafen sich die circa 70 Personen aus Aktiven, F\u00f6rderer sowie Freunde der Feuerwehr am Ger\u00e4tehaus in Duingen zum Start der Wanderung.<\/p>\n\t\t<\/div>\n\t\t\n\t\t<a class=\"elementor-post__read-more\" href=\"https:\/\/feuerwehr.edvexperten.de\/index.php\/2024\/02\/19\/braunkohlwanderung-2024\/\" aria-label=\"Mehr \u00fcber Braunkohlwanderung 2024\" tabindex=\"-1\" >\n\t\t\tWeiterlesen \u00bb\t\t<\/a>\n\n\t\t\t\t<\/div>\n\t\t\t\t<div class=\"elementor-post__meta-data\">\n\t\t\t\t\t<span class=\"elementor-post-date\">\n\t\t\t19.02.2024\t\t<\/span>\n\t\t\t\t<span class=\"elementor-post-avatar\">\n\t\t\tKeine Kommentare\t\t<\/span>\n\t\t\t\t<\/div>\n\t\t\t\t\t<\/div>\n\t\t<\/article>\n\t\t\t\t<article class=\"elementor-post elementor-grid-item post-80 post type-post status-publish format-standard has-post-thumbnail hentry category-events-2024\">\n\t\t\t<div class=\"elementor-post__card\">\n\t\t\t\t<a class=\"elementor-post__thumbnail__link\" href=\"https:\/\/feuerwehr.edvexperten.de\/index.php\/2024\/02\/19\/aus-alten-kisten-dias-i\/\" tabindex=\"-1\" ><div class=\"elementor-post__thumbnail\"><img loading=\"lazy\" decoding=\"async\" width=\"748\" height=\"482\" src=\"https:\/\/feuerwehr.edvexperten.de\/wp-content\/uploads\/2024\/02\/image.jpg\" class=\"attachment-medium_large size-medium_large wp-image-81\" alt=\"\" srcset=\"https:\/\/feuerwehr.edvexperten.de\/wp-content\/uploads\/2024\/02\/image.jpg 748w, https:\/\/feuerwehr.edvexperten.de\/wp-content\/uploads\/2024\/02\/image-300x193.jpg 300w\" sizes=\"(max-width: 748px) 100vw, 748px\" \/><\/div><\/a>\n\t\t\t\t<div class=\"elementor-post__badge\">Aktivit\u00e4ten 2024<\/div>\n\t\t\t\t<div class=\"elementor-post__avatar\">\n\t\t\t<img alt='admin' src='https:\/\/secure.gravatar.com\/avatar\/0d1e9fc985350d579af712118341ccbfc07439ad15aac52ecc5ed92a4cd85902?s=128&#038;d=mm&#038;r=g' srcset='https:\/\/secure.gravatar.com\/avatar\/0d1e9fc985350d579af712118341ccbfc07439ad15aac52ecc5ed92a4cd85902?s=256&#038;d=mm&#038;r=g 2x' class='avatar avatar-128 photo' height='128' width='128' \/>\t\t<\/div>\n\t\t\t\t<div class=\"elementor-post__text\">\n\t\t\t\t<h3 class=\"elementor-post__title\">\n\t\t\t<a href=\"https:\/\/feuerwehr.edvexperten.de\/index.php\/2024\/02\/19\/aus-alten-kisten-dias-i\/\" >\n\t\t\t\tAus alten Kisten: Dias I\t\t\t<\/a>\n\t\t<\/h3>\n\t\t\t\t<div class=\"elementor-post__excerpt\">\n\t\t\t<p>Feuerwehrhaus 1979 Eine kleine Zeitreise&#8230; In unserem Archiv lagern unz\u00e4hlige Dias aus den letzten 50 Jahren Freiwillige Feuerwehr Duingen. Da solche Dias nach jahrzehnte langer<\/p>\n\t\t<\/div>\n\t\t\n\t\t<a class=\"elementor-post__read-more\" href=\"https:\/\/feuerwehr.edvexperten.de\/index.php\/2024\/02\/19\/aus-alten-kisten-dias-i\/\" aria-label=\"Mehr \u00fcber Aus alten Kisten: Dias I\" tabindex=\"-1\" >\n\t\t\tWeiterlesen \u00bb\t\t<\/a>\n\n\t\t\t\t<\/div>\n\t\t\t\t<div class=\"elementor-post__meta-data\">\n\t\t\t\t\t<span class=\"elementor-post-date\">\n\t\t\t19.02.2024\t\t<\/span>\n\t\t\t\t<span class=\"elementor-post-avatar\">\n\t\t\tKeine Kommentare\t\t<\/span>\n\t\t\t\t<\/div>\n\t\t\t\t\t<\/div>\n\t\t<\/article>\n\t\t\t\t<article class=\"elementor-post elementor-grid-item post-372 post type-post status-publish format-standard hentry category-events-2023\">\n\t\t\t<div class=\"elementor-post__card\">\n\t\t\t\t<div class=\"elementor-post__text\">\n\t\t\t\t<h3 class=\"elementor-post__title\">\n\t\t\t<a href=\"https:\/\/feuerwehr.edvexperten.de\/index.php\/2023\/10\/19\/volkstrauertag\/\" >\n\t\t\t\tVolkstrauertag 2023\t\t\t<\/a>\n\t\t<\/h3>\n\t\t\t\t<div class=\"elementor-post__excerpt\">\n\t\t\t<p>\u00dcbersicht Aktivit\u00e4ten 2024 19.11.2023 Volkstrauertag: Kranzniederlegung am Ehrenmal &#8222;Wir trauern mit allen, die Leid tragen um die Toten, und teilen ihren Schmerz.Aber unser Leben steht<\/p>\n\t\t<\/div>\n\t\t\n\t\t<a class=\"elementor-post__read-more\" href=\"https:\/\/feuerwehr.edvexperten.de\/index.php\/2023\/10\/19\/volkstrauertag\/\" aria-label=\"Mehr \u00fcber Volkstrauertag 2023\" tabindex=\"-1\" >\n\t\t\tWeiterlesen \u00bb\t\t<\/a>\n\n\t\t\t\t<\/div>\n\t\t\t\t<div class=\"elementor-post__meta-data\">\n\t\t\t\t\t<span class=\"elementor-post-date\">\n\t\t\t19.10.2023\t\t<\/span>\n\t\t\t\t<span class=\"elementor-post-avatar\">\n\t\t\tKeine Kommentare\t\t<\/span>\n\t\t\t\t<\/div>\n\t\t\t\t\t<\/div>\n\t\t<\/article>\n\t\t\t\t<\/div>\n\t\t\n\t\t\t\t<\/div>\n\t\t\t\t<\/div>\n\t\t\t\t\t<\/div>\n\t\t\t\t<\/div>\n\t\t\t\t<\/div>\n\t\t","protected":false},"excerpt":{"rendered":"<p>Aktuelles Veranstaltungen 2025<\/p>\n","protected":false},"author":2,"featured_media":0,"parent":0,"menu_order":0,"comment_status":"closed","ping_status":"closed","template":"elementor_header_footer","meta":{"footnotes":""},"class_list":["post-317","page","type-page","status-publish","hentry"],"_links":{"self":[{"href":"https:\/\/feuerwehr.edvexperten.de\/index.php\/wp-json\/wp\/v2\/pages\/317","targetHints":{"allow":["GET"]}}],"collection":[{"href":"https:\/\/feuerwehr.edvexperten.de\/index.php\/wp-json\/wp\/v2\/pages"}],"about":[{"href":"https:\/\/feuerwehr.edvexperten.de\/index.php\/wp-json\/wp\/v2\/types\/page"}],"author":[{"embeddable":true,"href":"https:\/\/feuerwehr.edvexperten.de\/index.php\/wp-json\/wp\/v2\/users\/2"}],"replies":[{"embeddable":true,"href":"https:\/\/feuerwehr.edvexperten.de\/index.php\/wp-json\/wp\/v2\/comments?post=317"}],"version-history":[{"count":36,"href":"https:\/\/feuerwehr.edvexperten.de\/index.php\/wp-json\/wp\/v2\/pages\/317\/revisions"}],"predecessor-version":[{"id":1159,"href":"https:\/\/feuerwehr.edvexperten.de\/index.php\/wp-json\/wp\/v2\/pages\/317\/revisions\/1159"}],"wp:attachment":[{"href":"https:\/\/feuerwehr.edvexperten.de\/index.php\/wp-json\/wp\/v2\/media?parent=317"}],"curies":[{"name":"wp","href":"https:\/\/api.w.org\/{rel}","templated":true}]}}