{"id":947,"date":"2024-11-27T02:02:17","date_gmt":"2024-11-27T00:02:17","guid":{"rendered":"https:\/\/feuerwehr.edvexperten.de\/?page_id=947"},"modified":"2024-11-27T02:46:11","modified_gmt":"2024-11-27T00:46:11","slug":"foerderverein","status":"publish","type":"page","link":"https:\/\/feuerwehr.edvexperten.de\/index.php\/foerderverein\/","title":{"rendered":"F\u00f6rderverein"},"content":{"rendered":"\t\t<div data-elementor-type=\"wp-page\" data-elementor-id=\"947\" class=\"elementor elementor-947\" data-elementor-post-type=\"page\">\n\t\t\t\t<div class=\"elementor-element elementor-element-78a81191 e-flex e-con-boxed e-con e-parent\" data-id=\"78a81191\" data-element_type=\"container\">\n\t\t\t\t\t<div class=\"e-con-inner\">\n\t\t\t\t<div class=\"elementor-element elementor-element-7ec507aa elementor-widget elementor-widget-heading\" data-id=\"7ec507aa\" data-element_type=\"widget\" data-widget_type=\"heading.default\">\n\t\t\t\t<div class=\"elementor-widget-container\">\n\t\t\t<h2 class=\"elementor-heading-title elementor-size-default\"><a href=\"https:\/\/feuerwehr.edvexperten.de\/index.php\/ueber-uns\/\">F\u00f6rderverein<\/a><\/h2>\t\t<\/div>\n\t\t\t\t<\/div>\n\t\t\t\t\t<\/div>\n\t\t\t\t<\/div>\n\t\t<div class=\"elementor-element elementor-element-6f65d51 e-flex e-con-boxed e-con e-parent\" data-id=\"6f65d51\" data-element_type=\"container\">\n\t\t\t\t\t<div class=\"e-con-inner\">\n\t\t\t\t<div class=\"elementor-element elementor-element-6c06e36c elementor-widget-divider--view-line elementor-widget elementor-widget-divider\" data-id=\"6c06e36c\" data-element_type=\"widget\" data-widget_type=\"divider.default\">\n\t\t\t\t<div class=\"elementor-widget-container\">\n\t\t\t\t\t<div class=\"elementor-divider\">\n\t\t\t<span class=\"elementor-divider-separator\">\n\t\t\t\t\t\t<\/span>\n\t\t<\/div>\n\t\t\t\t<\/div>\n\t\t\t\t<\/div>\n\t\t\t\t\t<\/div>\n\t\t\t\t<\/div>\n\t\t<div class=\"elementor-element elementor-element-4585337b e-flex e-con-boxed e-con e-parent\" data-id=\"4585337b\" data-element_type=\"container\">\n\t\t\t\t\t<div class=\"e-con-inner\">\n\t\t\t\t<div class=\"elementor-element elementor-element-467f9c22 elementor-widget elementor-widget-heading\" data-id=\"467f9c22\" data-element_type=\"widget\" data-widget_type=\"heading.default\">\n\t\t\t\t<div class=\"elementor-widget-container\">\n\t\t\t<h3 class=\"elementor-heading-title elementor-size-default\">Willkommen beim \nF\u00f6rderverein Freiwillige Feuerwehr Duingen e.V.<\/h3>\t\t<\/div>\n\t\t\t\t<\/div>\n\t\t\t\t\t<\/div>\n\t\t\t\t<\/div>\n\t\t<div class=\"elementor-element elementor-element-fde8800 e-flex e-con-boxed e-con e-parent\" data-id=\"fde8800\" data-element_type=\"container\">\n\t\t\t\t\t<div class=\"e-con-inner\">\n\t\t<div class=\"elementor-element elementor-element-17c7f419 e-con-full e-flex e-con e-child\" data-id=\"17c7f419\" data-element_type=\"container\">\n\t\t\t\t<div class=\"elementor-element elementor-element-415f5dba elementor-widget elementor-widget-image\" data-id=\"415f5dba\" data-element_type=\"widget\" data-widget_type=\"image.default\">\n\t\t\t\t<div class=\"elementor-widget-container\">\n\t\t\t\t\t\t\t\t\t\t\t\t\t<img fetchpriority=\"high\" decoding=\"async\" width=\"372\" height=\"193\" src=\"https:\/\/feuerwehr.edvexperten.de\/wp-content\/uploads\/2024\/11\/Logo-FoeVerein.png\" class=\"attachment-large size-large wp-image-953\" alt=\"\" srcset=\"https:\/\/feuerwehr.edvexperten.de\/wp-content\/uploads\/2024\/11\/Logo-FoeVerein.png 372w, https:\/\/feuerwehr.edvexperten.de\/wp-content\/uploads\/2024\/11\/Logo-FoeVerein-300x156.png 300w\" sizes=\"(max-width: 372px) 100vw, 372px\" \/>\t\t\t\t\t\t\t\t\t\t\t\t\t<\/div>\n\t\t\t\t<\/div>\n\t\t\t\t<div class=\"elementor-element elementor-element-c9b8fba elementor-widget elementor-widget-spacer\" data-id=\"c9b8fba\" data-element_type=\"widget\" data-widget_type=\"spacer.default\">\n\t\t\t\t<div class=\"elementor-widget-container\">\n\t\t\t\t\t<div class=\"elementor-spacer\">\n\t\t\t<div class=\"elementor-spacer-inner\"><\/div>\n\t\t<\/div>\n\t\t\t\t<\/div>\n\t\t\t\t<\/div>\n\t\t\t\t<div class=\"elementor-element elementor-element-595b0f5 elementor-align-center elementor-widget elementor-widget-paypal-button\" data-id=\"595b0f5\" data-element_type=\"widget\" data-settings=\"{&quot;merchant_account&quot;:&quot;simple&quot;}\" data-widget_type=\"paypal-button.default\">\n\t\t\t\t<div class=\"elementor-widget-container\">\n\t\t\t\t\t<div class=\"elementor-button-wrapper\">\n\t\t\t\t\t<form action=\"https:\/\/www.paypal.com\/cgi-bin\/webscr\" method=\"post\" target=\"_blank\">\n\t\t\t<input type=\"hidden\" name=\"cmd\" value=\"_donations\" \/>\n\t\t\t<input type=\"hidden\" name=\"business\" value=\"foerderverein.ffwduingen@gmail.com\" \/>\n\t\t\t<input type=\"hidden\" name=\"lc\" value=\"US\" \/>\n\t\t\t<input type=\"hidden\" name=\"item_name\" value=\"\" \/>\n\t\t\t<input type=\"hidden\" name=\"item_number\" value=\"\" \/>\n\t\t\t<input type=\"hidden\" name=\"currency_code\" value=\"EUR\" \/>\n\t\t\t<input type=\"hidden\" name=\"amount\" value=\"1\" \/>\n\t\t\t<input type=\"hidden\" name=\"no_note\" value=\"1\">\n\n\t\t\t\t\t<button class=\"elementor-button elementor-size-sm elementor-paypal-legacy elementor-payment-button\" role=\"button\" type=\"submit\">\n\t\t\t\t\t<span class=\"elementor-button-content-wrapper\">\n\t\t\t\t\t\t<span class=\"elementor-button-icon\">\n\t\t\t\t<svg aria-hidden=\"true\" class=\"e-font-icon-svg e-fab-paypal\" viewBox=\"0 0 384 512\" xmlns=\"http:\/\/www.w3.org\/2000\/svg\"><path d=\"M111.4 295.9c-3.5 19.2-17.4 108.7-21.5 134-.3 1.8-1 2.5-3 2.5H12.3c-7.6 0-13.1-6.6-12.1-13.9L58.8 46.6c1.5-9.6 10.1-16.9 20-16.9 152.3 0 165.1-3.7 204 11.4 60.1 23.3 65.6 79.5 44 140.3-21.5 62.6-72.5 89.5-140.1 90.3-43.4.7-69.5-7-75.3 24.2zM357.1 152c-1.8-1.3-2.5-1.8-3 1.3-2 11.4-5.1 22.5-8.8 33.6-39.9 113.8-150.5 103.9-204.5 103.9-6.1 0-10.1 3.3-10.9 9.4-22.6 140.4-27.1 169.7-27.1 169.7-1 7.1 3.5 12.9 10.6 12.9h63.5c8.6 0 15.7-6.3 17.4-14.9.7-5.4-1.1 6.1 14.4-91.3 4.6-22 14.3-19.7 29.3-19.7 71 0 126.4-28.8 142.9-112.3 6.5-34.8 4.6-71.4-23.8-92.6z\"><\/path><\/svg>\t\t\t<\/span>\n\t\t\t\t\t\t\t\t\t<span class=\"elementor-button-text\">Jetzt Spenden<\/span>\n\t\t\t\t\t<\/span>\n\t\t\t\t<\/button>\n\t\t\t\t<\/form>\n\t\t\t\t<\/div>\n\t\t\t\t<\/div>\n\t\t\t\t<\/div>\n\t\t\t\t<\/div>\n\t\t<div class=\"elementor-element elementor-element-7df84225 e-con-full e-flex e-con e-child\" data-id=\"7df84225\" data-element_type=\"container\">\n\t\t\t\t<div class=\"elementor-element elementor-element-636f59bb elementor-widget elementor-widget-text-editor\" data-id=\"636f59bb\" data-element_type=\"widget\" data-widget_type=\"text-editor.default\">\n\t\t\t\t<div class=\"elementor-widget-container\">\n\t\t\t\t\t\t\t<p><strong>Ihre Unterst\u00fctzung f\u00fcr die Freiwillige Feuerwehr Duingen ist entscheidend!<\/strong><\/p><p>Unsere Feuerwehr ist rund um die Uhr f\u00fcr Sie da \u2013 bei Br\u00e4nden, Unf\u00e4llen und anderen Notf\u00e4llen. Als Freiwillige Feuerwehr sind wir auf Ihre Hilfe angewiesen, um unsere Einsatzbereitschaft und die Sicherheit unserer Gemeinde zu gew\u00e4hrleisten. Der F\u00f6rderverein der Freiwilligen Feuerwehr Duingen unterst\u00fctzt uns dabei, notwendige Ausstattungen, Ger\u00e4te und Schulungen bereitzustellen.<\/p><p><strong>Warum Spenden?<\/strong><\/p><p>Ihre Spende hilft uns, die Ausstattung unserer Feuerwehr zu verbessern und uns f\u00fcr den Ernstfall optimal vorzubereiten. Jeder Beitrag z\u00e4hlt und tr\u00e4gt dazu bei, unsere Gemeinschaft sicherer zu machen. Mit Ihrer Unterst\u00fctzung investieren wir in die Ausbildung unserer Mitglieder und in moderne Technik, die uns im Einsatz unterst\u00fctzt.<\/p><p><strong>So k\u00f6nnen Sie uns unterst\u00fctzen:<\/strong><\/p><ul><li><strong>Mit einer Geldspende:<\/strong> Ihre Spende erm\u00f6glicht es uns, dringend ben\u00f6tigte Ausstattungen und Fahrzeuge zu finanzieren.<\/li><li><strong>Mit einer Mitgliedschaft im F\u00f6rderverein:<\/strong> Werden Sie Teil unseres Vereins und engagieren Sie sich aktiv f\u00fcr die Sicherheit in Duingen.<\/li><\/ul><h3>Unterst\u00fctzen Sie uns jetzt!<\/h3><p><strong>Spenden Sie einfach \u00fcber PayPal<\/strong>:<\/p><p>Jede Spende \u2013 ob gro\u00df oder klein \u2013 hilft uns, weiterhin effizient und schnell zu handeln. Vielen Dank f\u00fcr Ihre Unterst\u00fctzung!<\/p>\t\t\t\t\t\t<\/div>\n\t\t\t\t<\/div>\n\t\t\t\t<\/div>\n\t\t\t\t\t<\/div>\n\t\t\t\t<\/div>\n\t\t<div class=\"elementor-element elementor-element-cd6a752 e-grid e-con-full e-con e-parent\" data-id=\"cd6a752\" data-element_type=\"container\">\n\t\t\t\t<div class=\"elementor-element elementor-element-e3eb007 elementor-align-center elementor-widget elementor-widget-button\" data-id=\"e3eb007\" data-element_type=\"widget\" data-widget_type=\"button.default\">\n\t\t\t\t<div class=\"elementor-widget-container\">\n\t\t\t\t\t<div class=\"elementor-button-wrapper\">\n\t\t\t<a class=\"elementor-button elementor-button-link elementor-size-sm\" href=\"https:\/\/feuerwehr.edvexperten.de\/wp-content\/uploads\/2024\/11\/Satzung-2.pdf\">\n\t\t\t\t\t\t<span class=\"elementor-button-content-wrapper\">\n\t\t\t\t\t\t<span class=\"elementor-button-icon\">\n\t\t\t\t<svg aria-hidden=\"true\" class=\"e-font-icon-svg e-far-file-pdf\" viewBox=\"0 0 384 512\" xmlns=\"http:\/\/www.w3.org\/2000\/svg\"><path d=\"M369.9 97.9L286 14C277 5 264.8-.1 252.1-.1H48C21.5 0 0 21.5 0 48v416c0 26.5 21.5 48 48 48h288c26.5 0 48-21.5 48-48V131.9c0-12.7-5.1-25-14.1-34zM332.1 128H256V51.9l76.1 76.1zM48 464V48h160v104c0 13.3 10.7 24 24 24h104v288H48zm250.2-143.7c-12.2-12-47-8.7-64.4-6.5-17.2-10.5-28.7-25-36.8-46.3 3.9-16.1 10.1-40.6 5.4-56-4.2-26.2-37.8-23.6-42.6-5.9-4.4 16.1-.4 38.5 7 67.1-10 23.9-24.9 56-35.4 74.4-20 10.3-47 26.2-51 46.2-3.3 15.8 26 55.2 76.1-31.2 22.4-7.4 46.8-16.5 68.4-20.1 18.9 10.2 41 17 55.8 17 25.5 0 28-28.2 17.5-38.7zm-198.1 77.8c5.1-13.7 24.5-29.5 30.4-35-19 30.3-30.4 35.7-30.4 35zm81.6-190.6c7.4 0 6.7 32.1 1.8 40.8-4.4-13.9-4.3-40.8-1.8-40.8zm-24.4 136.6c9.7-16.9 18-37 24.7-54.7 8.3 15.1 18.9 27.2 30.1 35.5-20.8 4.3-38.9 13.1-54.8 19.2zm131.6-5s-5 6-37.3-7.8c35.1-2.6 40.9 5.4 37.3 7.8z\"><\/path><\/svg>\t\t\t<\/span>\n\t\t\t\t\t\t\t\t\t<span class=\"elementor-button-text\">Download Satzung<\/span>\n\t\t\t\t\t<\/span>\n\t\t\t\t\t<\/a>\n\t\t<\/div>\n\t\t\t\t<\/div>\n\t\t\t\t<\/div>\n\t\t\t\t<div class=\"elementor-element elementor-element-d6ac6e3 elementor-align-center elementor-widget elementor-widget-button\" data-id=\"d6ac6e3\" data-element_type=\"widget\" data-widget_type=\"button.default\">\n\t\t\t\t<div class=\"elementor-widget-container\">\n\t\t\t\t\t<div class=\"elementor-button-wrapper\">\n\t\t\t<a class=\"elementor-button elementor-button-link elementor-size-sm\" href=\"https:\/\/feuerwehr.edvexperten.de\/wp-content\/uploads\/2024\/11\/Eintrittsformular_Foerderverein-1.pdf\">\n\t\t\t\t\t\t<span class=\"elementor-button-content-wrapper\">\n\t\t\t\t\t\t<span class=\"elementor-button-icon\">\n\t\t\t\t<svg aria-hidden=\"true\" class=\"e-font-icon-svg e-far-file-pdf\" viewBox=\"0 0 384 512\" xmlns=\"http:\/\/www.w3.org\/2000\/svg\"><path d=\"M369.9 97.9L286 14C277 5 264.8-.1 252.1-.1H48C21.5 0 0 21.5 0 48v416c0 26.5 21.5 48 48 48h288c26.5 0 48-21.5 48-48V131.9c0-12.7-5.1-25-14.1-34zM332.1 128H256V51.9l76.1 76.1zM48 464V48h160v104c0 13.3 10.7 24 24 24h104v288H48zm250.2-143.7c-12.2-12-47-8.7-64.4-6.5-17.2-10.5-28.7-25-36.8-46.3 3.9-16.1 10.1-40.6 5.4-56-4.2-26.2-37.8-23.6-42.6-5.9-4.4 16.1-.4 38.5 7 67.1-10 23.9-24.9 56-35.4 74.4-20 10.3-47 26.2-51 46.2-3.3 15.8 26 55.2 76.1-31.2 22.4-7.4 46.8-16.5 68.4-20.1 18.9 10.2 41 17 55.8 17 25.5 0 28-28.2 17.5-38.7zm-198.1 77.8c5.1-13.7 24.5-29.5 30.4-35-19 30.3-30.4 35.7-30.4 35zm81.6-190.6c7.4 0 6.7 32.1 1.8 40.8-4.4-13.9-4.3-40.8-1.8-40.8zm-24.4 136.6c9.7-16.9 18-37 24.7-54.7 8.3 15.1 18.9 27.2 30.1 35.5-20.8 4.3-38.9 13.1-54.8 19.2zm131.6-5s-5 6-37.3-7.8c35.1-2.6 40.9 5.4 37.3 7.8z\"><\/path><\/svg>\t\t\t<\/span>\n\t\t\t\t\t\t\t\t\t<span class=\"elementor-button-text\">Download Eintrittsformular<\/span>\n\t\t\t\t\t<\/span>\n\t\t\t\t\t<\/a>\n\t\t<\/div>\n\t\t\t\t<\/div>\n\t\t\t\t<\/div>\n\t\t\t\t<\/div>\n\t\t<div class=\"elementor-element elementor-element-85d39c3 e-flex e-con-boxed e-con e-parent\" data-id=\"85d39c3\" data-element_type=\"container\">\n\t\t\t\t\t<div class=\"e-con-inner\">\n\t\t\t\t<div class=\"elementor-element elementor-element-cc19502 elementor-widget-divider--view-line elementor-widget elementor-widget-divider\" data-id=\"cc19502\" data-element_type=\"widget\" data-widget_type=\"divider.default\">\n\t\t\t\t<div class=\"elementor-widget-container\">\n\t\t\t\t\t<div class=\"elementor-divider\">\n\t\t\t<span class=\"elementor-divider-separator\">\n\t\t\t\t\t\t<\/span>\n\t\t<\/div>\n\t\t\t\t<\/div>\n\t\t\t\t<\/div>\n\t\t\t\t\t<\/div>\n\t\t\t\t<\/div>\n\t\t<div class=\"elementor-element elementor-element-4a6d5a2 e-flex e-con-boxed e-con e-parent\" data-id=\"4a6d5a2\" data-element_type=\"container\">\n\t\t\t\t\t<div class=\"e-con-inner\">\n\t\t\t\t<div class=\"elementor-element elementor-element-e2b7520 elementor-widget elementor-widget-text-editor\" data-id=\"e2b7520\" data-element_type=\"widget\" data-widget_type=\"text-editor.default\">\n\t\t\t\t<div class=\"elementor-widget-container\">\n\t\t\t\t\t\t\t<h3 style=\"text-align: center;\">Was mache ich, wenn es brennt und keiner kommt?<\/h3><p><em>Liebe Mitb\u00fcrgerinnen und Mitb\u00fcrger,<\/em><\/p><p><em>ehrlich gesagt m\u00f6chte ich mir das nicht vorstellen und soviel auch vorausgeschickt, dies wird nicht passieren. Daf\u00fcr hat der Gesetzgeber in Niedersachsen Sorge getragen.<\/em><\/p><p><em>Seit \u00fcber 100 Jahren finden sich in Duingen Menschen, die diese Aufgabe freiwillig \u00fcbernehmen. Welchen Wert dieses f\u00fcr alle B\u00fcrger unseres Ortes und unserer Gemeinde hat, wird immer wieder dann deutlich wenn Ihre Feuerwehr gefordert wird. Br\u00e4nde, Hilfeleistungen und vieles mehr leisten die Kameradinnen und Kameraden. Jeden Tag, sicher nicht selbstverst\u00e4ndlich.<br \/><\/em><\/p><p><em>Das Leben in unserem Ort ver\u00e4ndert sich. Die beruflichen Anforderungen der Menschen werden gr\u00f6\u00dfer, der Faktor \u201eStress\u201c spielt eine immer gr\u00f6\u00dfere Rolle. Arbeitspl\u00e4tze finden sich nicht mehr vor Ort, Pendelzeiten von \u00fcber einer Stunde sind keine Seltenheit. All dies sind Dinge, die unser Leben beeinflussen. In Folge ziehen sich Menschen zur\u00fcck, das Gemeinschaftsleben geht zur\u00fcck.<br \/><\/em><\/p><p><em>Auch die Feuerwehren sp\u00fcren diese Entwicklung. Zwar werden die vorgegeben Mindestst\u00e4rken erreicht, doch bereits Werktags werden Wehren aus dem Umfeld alarmiert um ann\u00e4hernd ausreichend Einsatzkr\u00e4fte zur Verf\u00fcgung zu haben. Diesem Trend wollen wir uns als Feuerwehrleute und B\u00fcrger unseres sch\u00f6nen Flecken entgegenstellen.<br \/><\/em><\/p><p><em>Haben Sie einmal dar\u00fcber nachgedacht sich in der Feuerwehr aktiv zu engagieren? Warum haben Sie diese Frage f\u00fcr sich mit \u201enein\u201c beantwortet?\u00a0<strong>Geben Sie uns doch einmal eine Chance!<\/strong>\u00a0Sie werden vielleicht \u00fcberrascht sein. In den letzten Jahren haben einige Quereinsteiger den Weg zur Feuerwehr gefunden und sind mittlerweile mit Eifer dabei.<\/em><\/p><p><em>Der technische Fortschritt hat auch in der Feuerwehr Einzug gehalten, nicht nur am Strahlrohr ist Know-How gefragt. EDV und Digitalfunktechnik sind interessante Themengebiete. Das Spektrum der Technischen Hilfeleistung ist gro\u00df und unwahrscheinlich spannend.<\/em><\/p><p><em>Ein ausgeglichenes Altersverh\u00e4ltnis ist f\u00fcr eine Feuerwehr sehr wichtig, nicht nur Einsatz- sondern auch Lebenserfahrung wird transportiert. Unterschiedliche Berufsgruppen sind wichtig im Einsatz bestehen zu k\u00f6nnen. Vom Handwerker bis zum Akademiker, \u00c4rzte und Pflegekr\u00e4fte. Alle Berufsgruppen steigern die Effizienz der Freiwilligen Feuerwehr.<\/em><\/p><p><em>Zu alt ist man nie. Neben dem beruflichen Alltag ist das Engagement als Mitglied der Feuerwehr durchaus eine willkommen Abwechslung.<\/em><\/p><p><em>Helfen Sie mit Sicherheit f\u00fcr unsere Heimat zu produzieren, f\u00fcr unsere Mitmenschen und unsere Kinder<\/em><\/p><p><em>Geben Sie uns als Feuerwehr die Chance ein Teil Ihres Alltags zu werden. Nat\u00fcrlich k\u00f6nnen Sie unsere Arbeit f\u00f6rdern durch einen Eintritt in unseren F\u00f6rderverein.<br \/><\/em><\/p><p><em>Ihr<\/em><\/p><p><em>Nils Marahrens<\/em><\/p><p><em>Ortsbrandmeister<br \/>(bis 2019)<\/em><\/p>\t\t\t\t\t\t<\/div>\n\t\t\t\t<\/div>\n\t\t\t\t\t<\/div>\n\t\t\t\t<\/div>\n\t\t<div class=\"elementor-element elementor-element-732140d e-flex e-con-boxed e-con e-parent\" data-id=\"732140d\" data-element_type=\"container\">\n\t\t\t\t\t<div class=\"e-con-inner\">\n\t\t\t\t<div class=\"elementor-element elementor-element-90037be elementor-widget-divider--view-line elementor-widget elementor-widget-divider\" data-id=\"90037be\" data-element_type=\"widget\" data-widget_type=\"divider.default\">\n\t\t\t\t<div class=\"elementor-widget-container\">\n\t\t\t\t\t<div class=\"elementor-divider\">\n\t\t\t<span class=\"elementor-divider-separator\">\n\t\t\t\t\t\t<\/span>\n\t\t<\/div>\n\t\t\t\t<\/div>\n\t\t\t\t<\/div>\n\t\t\t\t\t<\/div>\n\t\t\t\t<\/div>\n\t\t<div class=\"elementor-element elementor-element-2e3ed55 e-flex e-con-boxed e-con e-parent\" data-id=\"2e3ed55\" data-element_type=\"container\">\n\t\t\t\t\t<div class=\"e-con-inner\">\n\t\t\t\t<div class=\"elementor-element elementor-element-a247648 elementor-widget elementor-widget-text-editor\" data-id=\"a247648\" data-element_type=\"widget\" data-widget_type=\"text-editor.default\">\n\t\t\t\t<div class=\"elementor-widget-container\">\n\t\t\t\t\t\t\t<h3 style=\"font-weight: 400;\"><strong><em>Aktuelle Jobs in der Feuerwehr Duingen:<\/em><\/strong><\/h3><p style=\"font-weight: 400;\">\u00a0<\/p><p style=\"font-weight: 400;\"><strong>Brand- &amp; Rettungsspezialist<\/strong><\/p><p style=\"font-weight: 400;\">Um f\u00fcr die vielf\u00e4ltigen Aufgaben im Team vorbereitet zu sein, durchl\u00e4ufst du zun\u00e4chst eine Grundausbildung. Nach diesem Training kannst weitere Fachbereiche vertiefen wie Unfallrettung oder Geb\u00e4udebrandbek\u00e4mpfung.<\/p><p style=\"font-weight: 400;\">\u00a0<\/p><p style=\"font-weight: 400;\"><strong>Kraftfahrer &amp; Maschinist<\/strong><\/p><p style=\"font-weight: 400;\">Unsere modernen Einsatzfahrzeuge sind die wesentliche Basis unserer Arbeit, die Fahrzeuge und Ger\u00e4te m\u00fcssen an Einsatzstellen vom kompetenten Fachpersonal bedient werden. Hier ist vor allem technisches Know-how\u00a0\u00a0gefragt.<\/p><p style=\"font-weight: 400;\">\u00a0<\/p><p style=\"font-weight: 400;\"><strong>Teamleiter &amp; Manager<\/strong><\/p><p style=\"font-weight: 400;\">Sowohl bei Eins\u00e4tzen als auch in der Entwicklung und Umsetzung von Strategien und Zielen, brauchen wir kompetente F\u00fchrungskr\u00e4fte. Im Team der Freiwilligen Feuerwehr Duingen kannst du dich in verschiedenen F\u00fchrungsebenen einbringen und zusammen mit interessanten Leuten aus Politik, Wirtschaft, Verwaltung und anderen Hilfsorganisationen Deine Ideen verwirklichen.<\/p><p style=\"font-weight: 400;\">\u00a0<\/p><p style=\"font-weight: 400;\"><strong>Spezialist f\u00fcr Organisation, IT &amp; Marketing<\/strong><\/p><p style=\"font-weight: 400;\">Du m\u00f6chtest bei einem Einsatz nicht unbedingt in der ersten Reihe stehen? Kein Problem, auch abseits der Einsatzstelle haben wir spannende Aufgaben. So kannst Du moderne Kommunikationsmittel und Funksysteme betreuen, Dich um \u00d6ffentlichkeitsarbeit, Presse und Marketing k\u00fcmmern oder als Eventmanager die n\u00e4chste Veranstaltung organisieren.<\/p><p style=\"font-weight: 400;\">\u00a0<\/p><p style=\"font-weight: 400;\"><strong>Bei uns bekommst du<\/strong><\/p><p style=\"font-weight: 400;\">&#8211;\u00a0\u00a0\u00a0\u00a0\u00a0\u00a0\u00a0\u00a0\u00a0\u00a0Herausforderung und Erfolg<\/p><p style=\"font-weight: 400;\">&#8211;\u00a0\u00a0\u00a0\u00a0\u00a0\u00a0\u00a0\u00a0\u00a0\u00a0Kompetenz &amp; Know How<\/p><p style=\"font-weight: 400;\">&#8211;\u00a0\u00a0\u00a0\u00a0\u00a0\u00a0\u00a0\u00a0\u00a0\u00a0Ein Hobby ohne Kosten<\/p><p style=\"font-weight: 400;\">\u00a0&#8211;\u00a0\u00a0\u00a0\u00a0\u00a0\u00a0\u00a0\u00a0\u00a0\u00a0Freundschaft und Anerkennung<\/p><p style=\"font-weight: 400;\">\u00a0<\/p><p style=\"font-weight: 400;\"><strong><em>Technik die kein anderer hat, neue spannende T\u00e4tigkeiten, tolle Ausbildung und ein starkes Team.<\/em><\/strong><\/p><p style=\"font-weight: 400;\">\u00a0<\/p><p style=\"font-weight: 400;\">Bewerb dich bei uns !<\/p><p style=\"font-weight: 400;\">\u00a0<\/p><p style=\"font-weight: 400;\"><em>Unterst\u00fctzt von Feuerwehrleben.de<\/em><\/p>\t\t\t\t\t\t<\/div>\n\t\t\t\t<\/div>\n\t\t\t\t\t<\/div>\n\t\t\t\t<\/div>\n\t\t\t\t<\/div>\n\t\t","protected":false},"excerpt":{"rendered":"<p>F\u00f6rderverein Willkommen beim F\u00f6rderverein Freiwillige Feuerwehr Duingen e.V. Jetzt Spenden Ihre Unterst\u00fctzung f\u00fcr die Freiwillige Feuerwehr Duingen ist entscheidend! Unsere Feuerwehr ist rund um die Uhr f\u00fcr Sie da \u2013 bei Br\u00e4nden, Unf\u00e4llen und anderen Notf\u00e4llen. Als Freiwillige Feuerwehr sind wir auf Ihre Hilfe angewiesen, um unsere Einsatzbereitschaft und die Sicherheit unserer Gemeinde zu gew\u00e4hrleisten. [&hellip;]<\/p>\n","protected":false},"author":2,"featured_media":0,"parent":0,"menu_order":0,"comment_status":"closed","ping_status":"closed","template":"elementor_header_footer","meta":{"footnotes":""},"class_list":["post-947","page","type-page","status-publish","hentry"],"_links":{"self":[{"href":"https:\/\/feuerwehr.edvexperten.de\/index.php\/wp-json\/wp\/v2\/pages\/947","targetHints":{"allow":["GET"]}}],"collection":[{"href":"https:\/\/feuerwehr.edvexperten.de\/index.php\/wp-json\/wp\/v2\/pages"}],"about":[{"href":"https:\/\/feuerwehr.edvexperten.de\/index.php\/wp-json\/wp\/v2\/types\/page"}],"author":[{"embeddable":true,"href":"https:\/\/feuerwehr.edvexperten.de\/index.php\/wp-json\/wp\/v2\/users\/2"}],"replies":[{"embeddable":true,"href":"https:\/\/feuerwehr.edvexperten.de\/index.php\/wp-json\/wp\/v2\/comments?post=947"}],"version-history":[{"count":25,"href":"https:\/\/feuerwehr.edvexperten.de\/index.php\/wp-json\/wp\/v2\/pages\/947\/revisions"}],"predecessor-version":[{"id":978,"href":"https:\/\/feuerwehr.edvexperten.de\/index.php\/wp-json\/wp\/v2\/pages\/947\/revisions\/978"}],"wp:attachment":[{"href":"https:\/\/feuerwehr.edvexperten.de\/index.php\/wp-json\/wp\/v2\/media?parent=947"}],"curies":[{"name":"wp","href":"https:\/\/api.w.org\/{rel}","templated":true}]}}