{"id":985,"date":"2024-11-27T03:16:46","date_gmt":"2024-11-27T01:16:46","guid":{"rendered":"https:\/\/feuerwehr.edvexperten.de\/?page_id=985"},"modified":"2024-11-27T03:28:40","modified_gmt":"2024-11-27T01:28:40","slug":"kf-blaulichtbande","status":"publish","type":"page","link":"https:\/\/feuerwehr.edvexperten.de\/index.php\/jf\/kf-blaulichtbande\/","title":{"rendered":"Kinderfeuerwehr &#8211; Blaulichtbande"},"content":{"rendered":"\t\t<div data-elementor-type=\"wp-page\" data-elementor-id=\"985\" class=\"elementor elementor-985\" data-elementor-post-type=\"page\">\n\t\t\t\t<div class=\"elementor-element elementor-element-63d8603e e-flex e-con-boxed e-con e-parent\" data-id=\"63d8603e\" data-element_type=\"container\">\n\t\t\t\t\t<div class=\"e-con-inner\">\n\t\t\t\t<div class=\"elementor-element elementor-element-40fb85a5 elementor-widget elementor-widget-heading\" data-id=\"40fb85a5\" data-element_type=\"widget\" data-widget_type=\"heading.default\">\n\t\t\t\t<div class=\"elementor-widget-container\">\n\t\t\t<h2 class=\"elementor-heading-title elementor-size-default\"><a href=\"https:\/\/feuerwehr.edvexperten.de\/index.php\/ueber-uns\/\">For Teens &amp; Kids<\/a><\/h2>\t\t<\/div>\n\t\t\t\t<\/div>\n\t\t\t\t\t<\/div>\n\t\t\t\t<\/div>\n\t\t<div class=\"elementor-element elementor-element-5a365be e-flex e-con-boxed e-con e-parent\" data-id=\"5a365be\" data-element_type=\"container\">\n\t\t\t\t\t<div class=\"e-con-inner\">\n\t\t\t\t<div class=\"elementor-element elementor-element-56047b42 elementor-nav-menu--dropdown-tablet elementor-nav-menu__text-align-aside elementor-nav-menu--toggle elementor-nav-menu--burger elementor-widget elementor-widget-nav-menu\" data-id=\"56047b42\" data-element_type=\"widget\" data-settings=\"{&quot;layout&quot;:&quot;horizontal&quot;,&quot;submenu_icon&quot;:{&quot;value&quot;:&quot;&lt;svg class=\\&quot;e-font-icon-svg e-fas-caret-down\\&quot; viewBox=\\&quot;0 0 320 512\\&quot; xmlns=\\&quot;http:\\\/\\\/www.w3.org\\\/2000\\\/svg\\&quot;&gt;&lt;path d=\\&quot;M31.3 192h257.3c17.8 0 26.7 21.5 14.1 34.1L174.1 354.8c-7.8 7.8-20.5 7.8-28.3 0L17.2 226.1C4.6 213.5 13.5 192 31.3 192z\\&quot;&gt;&lt;\\\/path&gt;&lt;\\\/svg&gt;&quot;,&quot;library&quot;:&quot;fa-solid&quot;},&quot;toggle&quot;:&quot;burger&quot;}\" data-widget_type=\"nav-menu.default\">\n\t\t\t\t<div class=\"elementor-widget-container\">\n\t\t\t\t\t\t<nav aria-label=\"Men\u00fc\" class=\"elementor-nav-menu--main elementor-nav-menu__container elementor-nav-menu--layout-horizontal e--pointer-background e--animation-fade\">\n\t\t\t\t<ul id=\"menu-1-56047b42\" class=\"elementor-nav-menu\"><li class=\"menu-item menu-item-type-post_type menu-item-object-page menu-item-770\"><a href=\"https:\/\/feuerwehr.edvexperten.de\/index.php\/einsaetze-und-aktivitaeten\/\" class=\"elementor-item\">Eins\u00e4tze &#038; Aktivit\u00e4ten<\/a><\/li>\n<li class=\"menu-item menu-item-type-post_type menu-item-object-page menu-item-785\"><a href=\"https:\/\/feuerwehr.edvexperten.de\/index.php\/einsaetze-und-aktivitaeten\/aktivitaeten-2024\/\" class=\"elementor-item\">Aktivit\u00e4ten 2024<\/a><\/li>\n<\/ul>\t\t\t<\/nav>\n\t\t\t\t\t<div class=\"elementor-menu-toggle\" role=\"button\" tabindex=\"0\" aria-label=\"Men\u00fc Umschalter\" aria-expanded=\"false\">\n\t\t\t<svg aria-hidden=\"true\" role=\"presentation\" class=\"elementor-menu-toggle__icon--open e-font-icon-svg e-eicon-menu-bar\" viewBox=\"0 0 1000 1000\" xmlns=\"http:\/\/www.w3.org\/2000\/svg\"><path d=\"M104 333H896C929 333 958 304 958 271S929 208 896 208H104C71 208 42 237 42 271S71 333 104 333ZM104 583H896C929 583 958 554 958 521S929 458 896 458H104C71 458 42 487 42 521S71 583 104 583ZM104 833H896C929 833 958 804 958 771S929 708 896 708H104C71 708 42 737 42 771S71 833 104 833Z\"><\/path><\/svg><svg aria-hidden=\"true\" role=\"presentation\" class=\"elementor-menu-toggle__icon--close e-font-icon-svg e-eicon-close\" viewBox=\"0 0 1000 1000\" xmlns=\"http:\/\/www.w3.org\/2000\/svg\"><path d=\"M742 167L500 408 258 167C246 154 233 150 217 150 196 150 179 158 167 167 154 179 150 196 150 212 150 229 154 242 171 254L408 500 167 742C138 771 138 800 167 829 196 858 225 858 254 829L496 587 738 829C750 842 767 846 783 846 800 846 817 842 829 829 842 817 846 804 846 783 846 767 842 750 829 737L588 500 833 258C863 229 863 200 833 171 804 137 775 137 742 167Z\"><\/path><\/svg>\t\t\t<span class=\"elementor-screen-only\">Men\u00fc<\/span>\n\t\t<\/div>\n\t\t\t\t\t<nav class=\"elementor-nav-menu--dropdown elementor-nav-menu__container\" aria-hidden=\"true\">\n\t\t\t\t<ul id=\"menu-2-56047b42\" class=\"elementor-nav-menu\"><li class=\"menu-item menu-item-type-post_type menu-item-object-page menu-item-770\"><a href=\"https:\/\/feuerwehr.edvexperten.de\/index.php\/einsaetze-und-aktivitaeten\/\" class=\"elementor-item\" tabindex=\"-1\">Eins\u00e4tze &#038; Aktivit\u00e4ten<\/a><\/li>\n<li class=\"menu-item menu-item-type-post_type menu-item-object-page menu-item-785\"><a href=\"https:\/\/feuerwehr.edvexperten.de\/index.php\/einsaetze-und-aktivitaeten\/aktivitaeten-2024\/\" class=\"elementor-item\" tabindex=\"-1\">Aktivit\u00e4ten 2024<\/a><\/li>\n<\/ul>\t\t\t<\/nav>\n\t\t\t\t<\/div>\n\t\t\t\t<\/div>\n\t\t\t\t\t<\/div>\n\t\t\t\t<\/div>\n\t\t<div class=\"elementor-element elementor-element-74149e02 e-flex e-con-boxed e-con e-parent\" data-id=\"74149e02\" data-element_type=\"container\">\n\t\t\t\t\t<div class=\"e-con-inner\">\n\t\t\t\t<div class=\"elementor-element elementor-element-24066c52 elementor-widget-divider--view-line elementor-widget elementor-widget-divider\" data-id=\"24066c52\" data-element_type=\"widget\" data-widget_type=\"divider.default\">\n\t\t\t\t<div class=\"elementor-widget-container\">\n\t\t\t\t\t<div class=\"elementor-divider\">\n\t\t\t<span class=\"elementor-divider-separator\">\n\t\t\t\t\t\t<\/span>\n\t\t<\/div>\n\t\t\t\t<\/div>\n\t\t\t\t<\/div>\n\t\t\t\t\t<\/div>\n\t\t\t\t<\/div>\n\t\t<div class=\"elementor-element elementor-element-23a367a3 e-flex e-con-boxed e-con e-parent\" data-id=\"23a367a3\" data-element_type=\"container\">\n\t\t\t\t\t<div class=\"e-con-inner\">\n\t\t\t\t<div class=\"elementor-element elementor-element-32054a30 elementor-widget elementor-widget-heading\" data-id=\"32054a30\" data-element_type=\"widget\" data-widget_type=\"heading.default\">\n\t\t\t\t<div class=\"elementor-widget-container\">\n\t\t\t<h3 class=\"elementor-heading-title elementor-size-default\">Kinderfeuerwehr \n\"Blaulichtbande\"<\/h3>\t\t<\/div>\n\t\t\t\t<\/div>\n\t\t\t\t\t<\/div>\n\t\t\t\t<\/div>\n\t\t<div class=\"elementor-element elementor-element-ebdb1dd e-flex e-con-boxed e-con e-parent\" data-id=\"ebdb1dd\" data-element_type=\"container\">\n\t\t\t\t\t<div class=\"e-con-inner\">\n\t\t<div class=\"elementor-element elementor-element-a8fcd4d e-con-full e-flex e-con e-child\" data-id=\"a8fcd4d\" data-element_type=\"container\">\n\t\t\t\t<div class=\"elementor-element elementor-element-abecee3 elementor-widget elementor-widget-image\" data-id=\"abecee3\" data-element_type=\"widget\" data-widget_type=\"image.default\">\n\t\t\t\t<div class=\"elementor-widget-container\">\n\t\t\t\t\t\t\t\t\t\t\t\t\t<img fetchpriority=\"high\" decoding=\"async\" width=\"720\" height=\"1024\" src=\"https:\/\/feuerwehr.edvexperten.de\/wp-content\/uploads\/2024\/11\/Flyer-Blaulichtbande-720x1024.jpg\" class=\"attachment-large size-large wp-image-991\" alt=\"\" srcset=\"https:\/\/feuerwehr.edvexperten.de\/wp-content\/uploads\/2024\/11\/Flyer-Blaulichtbande-720x1024.jpg 720w, https:\/\/feuerwehr.edvexperten.de\/wp-content\/uploads\/2024\/11\/Flyer-Blaulichtbande-211x300.jpg 211w, https:\/\/feuerwehr.edvexperten.de\/wp-content\/uploads\/2024\/11\/Flyer-Blaulichtbande-768x1093.jpg 768w, https:\/\/feuerwehr.edvexperten.de\/wp-content\/uploads\/2024\/11\/Flyer-Blaulichtbande.jpg 778w\" sizes=\"(max-width: 720px) 100vw, 720px\" \/>\t\t\t\t\t\t\t\t\t\t\t\t\t<\/div>\n\t\t\t\t<\/div>\n\t\t\t\t<\/div>\n\t\t<div class=\"elementor-element elementor-element-9e790bb e-con-full e-flex e-con e-child\" data-id=\"9e790bb\" data-element_type=\"container\">\n\t\t\t\t<div class=\"elementor-element elementor-element-37bcad2 elementor-widget elementor-widget-text-editor\" data-id=\"37bcad2\" data-element_type=\"widget\" data-widget_type=\"text-editor.default\">\n\t\t\t\t<div class=\"elementor-widget-container\">\n\t\t\t\t\t\t\t<div id=\"cc-m-10129199186\" class=\"j-module n j-hgrid \"><div id=\"cc-matrix-2575653686\"><div id=\"cc-m-10129199386\" class=\"j-module n j-text \"><h3>Mein Kind hat Interesse an der Kinderfeuerwehr \u2013 Was muss ich tun?<\/h3><p>Liebe Eltern,<br \/>wir freuen uns, dass Ihr Kind Interesse an der Kinderfeuerwehr Duingen hat! Um Ihnen zu zeigen, was die Kinderfeuerwehr ist und was Ihr Kind dort erwartet, haben wir hier einige wichtige Informationen f\u00fcr Sie zusammengetragen.<\/p><h4>Was machen wir?<\/h4><p>In der Kinderfeuerwehr steht nicht die eigentliche Feuerwehrarbeit im Vordergrund. Vielmehr geht es darum, die Kinder spielerisch auf die Mitgliedschaft in der Jugendfeuerwehr vorzubereiten und sie zu wichtigen Werten wie Teamf\u00e4higkeit, sozialer Kompetenz und hilfsbereitem Handeln zu f\u00fchren.<\/p><p>Unsere Ziele sind insbesondere:<\/p><ul><li><strong>F\u00f6rderung der Teamf\u00e4higkeit<\/strong> und sozialen Kompetenzen<\/li><li><strong>Einf\u00fchrung in die Feuerwehrtechnik<\/strong>, wie das Erlernen von Feuerwehrknoten und Stichen<\/li><li><strong>F\u00f6rderung von Gemeinschaft und Verantwortung<\/strong><\/li><li><strong>Spiele, Spa\u00df und Sport<\/strong>, Basteln, Ausfl\u00fcge und Fahrten<\/li><li><strong>Brandschutzerziehung<\/strong>, Erste Hilfe, Gesundheitserziehung und Umweltschutz<\/li><\/ul><p>Dabei wird immer auf das Alter und die Leistungsf\u00e4higkeit der Kinder R\u00fccksicht genommen, sodass alle Aktivit\u00e4ten an die Bed\u00fcrfnisse der Kinder angepasst sind. Unsere Angebote sollen den Kindern nicht nur Wissen vermitteln, sondern auch den Spa\u00df und die Freude an der Feuerwehr wecken.<\/p><h4>Wer darf mitmachen?<\/h4><p>Jedes Kind im Alter von <strong>6 bis 10 Jahren<\/strong> ist herzlich eingeladen, bei uns mitzumachen und die spannende Welt der Feuerwehr kennenzulernen.<\/p><p>Ab dem 10. Lebensjahr besteht die M\u00f6glichkeit, in die Jugendfeuerwehr \u00fcbernommen zu werden, wo die Kinder dann intensivere feuerwehrtechnische Ausbildung erfahren.<\/p><h4>Wie kann mein Kind mitmachen?<\/h4><p>Wenn Ihr Kind Interesse an der Kinderfeuerwehr hat, kann es einfach zu einem unserer Dienste kommen und die Aktivit\u00e4ten kennenlernen. Neulinge d\u00fcrfen in der Regel zwei bis drei Dienste schnuppern, um herauszufinden, ob es ihnen gef\u00e4llt. Sollte Ihr Kind weiterhin Interesse haben und ein fester Bestandteil der Gruppe werden wollen, k\u00f6nnen Sie als Eltern den Aufnahmeantrag ausf\u00fcllen und diesen beim n\u00e4chsten Dienst abgeben.<\/p><p>Die Kinder sind vom ersten Tag an \u00fcber die Feuerwehrunfallkasse versichert, das gilt f\u00fcr alle Dienste und Veranstaltungen der Kinderfeuerwehr.<\/p><h4>Wann ist Kinderfeuerwehr?<\/h4><p>Unsere regelm\u00e4\u00dfigen Dienste finden an festen Terminen statt. <br \/>Jeden <strong>ersten Mittwoch im Monat<\/strong> von <strong>15:30 Uhr bis 17:00 Uhr. <\/strong>Die Dienste finden im Feuerwehrhaus Duingen, Hohes Rott 6, 31089 Duingen statt. Ein Schnupperdienst ist jederzeit m\u00f6glich.<\/p><h4>Weitere Fragen?<\/h4><p>Wenn Sie noch Fragen zur Kinderfeuerwehr haben, stehen Ihnen unsere Ansprechpartner gerne zur Verf\u00fcgung:<\/p><p><strong>Michaela Herrmann<\/strong><br \/>Telefon: 0151 \/ 10624389<\/p><p><strong>Vanessa Schwagmeyer<\/strong><br \/>Telefon: 0170 \/ 8206872<\/p><hr \/><p><strong>Anschrift:<\/strong><br \/>Feuerwehr Duingen<br \/>Hohes Rott 6<br \/>31089 Duingen<\/p><\/div><\/div><\/div>\t\t\t\t\t\t<\/div>\n\t\t\t\t<\/div>\n\t\t\t\t<\/div>\n\t\t\t\t\t<\/div>\n\t\t\t\t<\/div>\n\t\t\t\t<\/div>\n\t\t","protected":false},"excerpt":{"rendered":"<p>For Teens &amp; Kids Kinderfeuerwehr &#8222;Blaulichtbande&#8220; Mein Kind hat Interesse an der Kinderfeuerwehr \u2013 Was muss ich tun? Liebe Eltern,wir freuen uns, dass Ihr Kind Interesse an der Kinderfeuerwehr Duingen hat! Um Ihnen zu zeigen, was die Kinderfeuerwehr ist und was Ihr Kind dort erwartet, haben wir hier einige wichtige Informationen f\u00fcr Sie zusammengetragen. Was [&hellip;]<\/p>\n","protected":false},"author":2,"featured_media":0,"parent":979,"menu_order":0,"comment_status":"closed","ping_status":"closed","template":"elementor_header_footer","meta":{"footnotes":""},"class_list":["post-985","page","type-page","status-publish","hentry"],"_links":{"self":[{"href":"https:\/\/feuerwehr.edvexperten.de\/index.php\/wp-json\/wp\/v2\/pages\/985","targetHints":{"allow":["GET"]}}],"collection":[{"href":"https:\/\/feuerwehr.edvexperten.de\/index.php\/wp-json\/wp\/v2\/pages"}],"about":[{"href":"https:\/\/feuerwehr.edvexperten.de\/index.php\/wp-json\/wp\/v2\/types\/page"}],"author":[{"embeddable":true,"href":"https:\/\/feuerwehr.edvexperten.de\/index.php\/wp-json\/wp\/v2\/users\/2"}],"replies":[{"embeddable":true,"href":"https:\/\/feuerwehr.edvexperten.de\/index.php\/wp-json\/wp\/v2\/comments?post=985"}],"version-history":[{"count":8,"href":"https:\/\/feuerwehr.edvexperten.de\/index.php\/wp-json\/wp\/v2\/pages\/985\/revisions"}],"predecessor-version":[{"id":996,"href":"https:\/\/feuerwehr.edvexperten.de\/index.php\/wp-json\/wp\/v2\/pages\/985\/revisions\/996"}],"up":[{"embeddable":true,"href":"https:\/\/feuerwehr.edvexperten.de\/index.php\/wp-json\/wp\/v2\/pages\/979"}],"wp:attachment":[{"href":"https:\/\/feuerwehr.edvexperten.de\/index.php\/wp-json\/wp\/v2\/media?parent=985"}],"curies":[{"name":"wp","href":"https:\/\/api.w.org\/{rel}","templated":true}]}}